{"id":21132,"date":"2020-04-30T10:32:31","date_gmt":"2020-04-30T10:32:31","guid":{"rendered":"https:\/\/www.yeguadanadales.com\/kontakt\/"},"modified":"2023-02-15T09:50:08","modified_gmt":"2023-02-15T09:50:08","slug":"kontakt","status":"publish","type":"page","link":"https:\/\/www.yeguadanadales.com\/de\/kontakt\/","title":{"rendered":"Kontakt"},"content":{"rendered":"\t\t<div data-elementor-type=\"wp-page\" data-elementor-id=\"21132\" class=\"elementor elementor-21132 elementor-1440\">\n\t\t\t\t\t\t<section class=\"elementor-section elementor-top-section elementor-element elementor-element-b2f2a31 elementor-section-boxed elementor-section-height-default elementor-section-height-default sc_fly_static\" data-id=\"b2f2a31\" data-element_type=\"section\" data-e-type=\"section\">\n\t\t\t\t\t\t<div class=\"elementor-container elementor-column-gap-extended\">\n\t\t\t\t\t<div class=\"elementor-column elementor-col-100 elementor-top-column elementor-element elementor-element-ee647b3 sc_inner_width_none sc_content_align_inherit sc_layouts_column_icons_position_left sc_fly_static\" data-id=\"ee647b3\" data-element_type=\"column\" data-e-type=\"column\">\n\t\t\t<div class=\"elementor-widget-wrap elementor-element-populated\">\n\t\t\t\t\t\t<div class=\"elementor-element elementor-element-af0540a sc_fly_static elementor-widget elementor-widget-trx_sc_icons\" data-id=\"af0540a\" data-element_type=\"widget\" data-e-type=\"widget\" data-widget_type=\"trx_sc_icons.default\">\n\t\t\t\t<div class=\"elementor-widget-container\">\n\t\t\t\t\t<div \tclass=\"sc_icons sc_icons_plain sc_icons_size_small sc_align_center\" ><div class=\"sc_icons_columns_wrap sc_item_columns trx_addons_columns_wrap columns_padding_bottom columns_in_single_row\" ><div class=\"trx_addons_column-1_3\"><div class=\"sc_icons_item\"><div class=\"sc_icons_icon sc_icon_type_ icon-clock-3\" ><span class=\"sc_icon_type_ icon-clock-3\"><\/span><\/div><div class=\"sc_icons_item_details\"><h4 class=\"sc_icons_item_title\"><span>Fahrplan<\/span><\/h4><div class=\"sc_icons_item_description\"><span>Montag bis Freitag<\/span><span>8:00 bis 14:00 Uhr und 15:00 bis 20:00 Uhr<\/span><span>Samstags<\/span><span>8:00 a 14:00<\/span><\/div><\/div><\/div><\/div><div class=\"trx_addons_column-1_3\"><div class=\"sc_icons_item sc_icons_item_linked with_more\"><div class=\"sc_icons_icon sc_icon_type_ icon-map-pin\" ><span class=\"sc_icon_type_ icon-map-pin\"><\/span><\/div><div class=\"sc_icons_item_details\"><h4 class=\"sc_icons_item_title\"><a href=\"#Karte\">\n                                    Adresse                                    <\/a><\/h4><div class=\"sc_icons_item_description\"><span>Camino de las Monjas<\/span><span>Alhaur\u00edn de la Torre, 29130, M\u00e1laga<\/span><\/div><a href=\"#Karte\" class=\"sc_icons_item_more_link\">\n                        <span class=\"link_text\">Ir a la ubicaci\u00f3n<\/span><span class=\"link_icon\"><\/span>\n                        <\/a><a href=\"#Karte\"\n                        class=\"sc_icons_item_link\">\n                        <\/a><\/div><\/div><\/div><div class=\"trx_addons_column-1_3\"><div class=\"sc_icons_item sc_icons_item_linked with_more\"><div class=\"sc_icons_icon sc_icon_type_ icon-headphones\" ><span class=\"sc_icon_type_ icon-headphones\"><\/span><\/div><div class=\"sc_icons_item_details\"><h4 class=\"sc_icons_item_title\"><a href=\"#Karte\">\n                                    Kontakt                                    <\/a><\/h4><div class=\"sc_icons_item_description\"><span>Tel\u00e9fono: <a href=\"tel:+34663473474\">+34 663 47 34 74<\/a><\/span><span>E-Mail: <a href=\"mailto:gemanadales@gmail.com\">gemanadales@gmail.com<\/a><\/span><\/div><a href=\"#Karte\" class=\"sc_icons_item_more_link\">\n                        <span class=\"link_text\">Formulario de contacto<\/span><span class=\"link_icon\"><\/span>\n                        <\/a><a href=\"#Karte\"\n                        class=\"sc_icons_item_link\">\n                        <\/a><\/div><\/div><\/div><\/div><\/div><!-- \/.sc_icons -->\t\t\t\t<\/div>\n\t\t\t\t<\/div>\n\t\t\t\t\t<\/div>\n\t\t<\/div>\n\t\t\t\t\t<\/div>\n\t\t<\/section>\n\t\t\t\t<section class=\"elementor-section elementor-top-section elementor-element elementor-element-a24db6c elementor-section-full_width elementor-section-content-middle scheme_light elementor-section-height-default elementor-section-height-default sc_fly_static\" data-id=\"a24db6c\" data-element_type=\"section\" data-e-type=\"section\" data-settings=\"{&quot;background_background&quot;:&quot;classic&quot;}\">\n\t\t\t\t\t\t<div class=\"elementor-container elementor-column-gap-no\">\n\t\t\t\t\t<div class=\"elementor-column elementor-col-50 elementor-top-column elementor-element elementor-element-b03217c sc_inner_width_none sc_content_align_inherit sc_layouts_column_icons_position_left sc_fly_static\" data-id=\"b03217c\" data-element_type=\"column\" data-e-type=\"column\">\n\t\t\t<div class=\"elementor-widget-wrap elementor-element-populated\">\n\t\t\t\t\t\t<div class=\"elementor-element elementor-element-6e4c8b7 sc_fly_static elementor-widget elementor-widget-trx_sc_anchor\" data-id=\"6e4c8b7\" data-element_type=\"widget\" data-e-type=\"widget\" data-widget_type=\"trx_sc_anchor.default\">\n\t\t\t\t<div class=\"elementor-widget-container\">\n\t\t\t\t\t<a id=\"sc_anchor_map\"\ttitle=\"\"  class=\"sc_anchor sc_anchor_default\" data-vc-icon=\"\" data-url=\"\" ><\/a>\t\t\t\t<\/div>\n\t\t\t\t<\/div>\n\t\t\t\t<div class=\"elementor-element elementor-element-c334fba sc_fly_static elementor-widget elementor-widget-trx_sc_googlemap\" data-id=\"c334fba\" data-element_type=\"widget\" data-e-type=\"widget\" data-widget_type=\"trx_sc_googlemap.default\">\n\t\t\t\t<div class=\"elementor-widget-container\">\n\t\t\t\t\t<div id=\"sc_googlemap_2025452348_wrap\" class=\"sc_googlemap_wrap\"><div id=\"sc_googlemap_2025452348\"\t\t\tclass=\"sc_item_content sc_map sc_googlemap sc_googlemap_default trx_addons_inline_1409175194\"\n\t\t\t \t\t\tdata-zoom=\"16\"\n\t\t\tdata-center=\"\"\n\t\t\tdata-style=\"extra\"\n\t\t\tdata-cluster-icon=\"\"\n\t\t\t><iframe\n\t\t\t\t\t\tsrc=\"https:\/\/maps.google.com\/maps?t=m&output=embed&iwloc=near&z=16&q=36.703293996942804%2C+-4.566295121921054\"\n\t\t\t\t\t\taria-label=\"\"><\/iframe><\/div><\/div>\t\t\t\t<\/div>\n\t\t\t\t<\/div>\n\t\t\t\t\t<\/div>\n\t\t<\/div>\n\t\t\t\t<div class=\"elementor-column elementor-col-50 elementor-top-column elementor-element elementor-element-b7fdd58 sc_inner_width_none sc_content_align_inherit sc_layouts_column_icons_position_left sc_fly_static\" data-id=\"b7fdd58\" data-element_type=\"column\" data-e-type=\"column\">\n\t\t\t<div class=\"elementor-widget-wrap elementor-element-populated\">\n\t\t\t\t\t\t<div class=\"elementor-element elementor-element-ac0925b sc_height_small sc_layouts_hide_on_notebook sc_layouts_hide_on_tablet sc_layouts_hide_on_mobile sc_fly_static elementor-widget elementor-widget-spacer\" data-id=\"ac0925b\" data-element_type=\"widget\" data-e-type=\"widget\" data-widget_type=\"spacer.default\">\n\t\t\t\t<div class=\"elementor-widget-container\">\n\t\t\t\t\t\t\t<div class=\"elementor-spacer\">\n\t\t\t<div class=\"elementor-spacer-inner\"><\/div>\n\t\t<\/div>\n\t\t\t\t\t\t<\/div>\n\t\t\t\t<\/div>\n\t\t\t\t<div class=\"elementor-element elementor-element-5008529 sc_height_huge sc_layouts_hide_on_wide sc_layouts_hide_on_desktop sc_fly_static elementor-widget elementor-widget-spacer\" data-id=\"5008529\" data-element_type=\"widget\" data-e-type=\"widget\" data-widget_type=\"spacer.default\">\n\t\t\t\t<div class=\"elementor-widget-container\">\n\t\t\t\t\t\t\t<div class=\"elementor-spacer\">\n\t\t\t<div class=\"elementor-spacer-inner\"><\/div>\n\t\t<\/div>\n\t\t\t\t\t\t<\/div>\n\t\t\t\t<\/div>\n\t\t\t\t<div class=\"elementor-element elementor-element-4544517 sc_fly_static elementor-widget elementor-widget-trx_sc_title\" data-id=\"4544517\" data-element_type=\"widget\" data-e-type=\"widget\" data-widget_type=\"trx_sc_title.default\">\n\t\t\t\t<div class=\"elementor-widget-container\">\n\t\t\t\t\t<div\t\tclass=\"sc_title sc_title_default\" ><span class=\"sc_item_subtitle sc_title_subtitle sc_item_subtitle_above sc_item_title_style_default\">Kontakt mit uns<\/span><h1 class=\"sc_item_title sc_title_title sc_item_title_style_default sc_item_title_tag\"\n\t\t\t><span class=\"sc_item_title_text\">Haben Sie Fragen? <br> Wir sind in Kontakt<\/span><\/h1><\/div>\t\t\t\t<\/div>\n\t\t\t\t<\/div>\n\t\t\t\t<div class=\"elementor-element elementor-element-70fea0c sc_fly_static elementor-widget elementor-widget-spacer\" data-id=\"70fea0c\" data-element_type=\"widget\" data-e-type=\"widget\" data-widget_type=\"spacer.default\">\n\t\t\t\t<div class=\"elementor-widget-container\">\n\t\t\t\t\t\t\t<div class=\"elementor-spacer\">\n\t\t\t<div class=\"elementor-spacer-inner\"><\/div>\n\t\t<\/div>\n\t\t\t\t\t\t<\/div>\n\t\t\t\t<\/div>\n\t\t\t\t<div class=\"elementor-element elementor-element-7d7b909 sc_fly_static elementor-widget elementor-widget-trx_sc_contact_form_7\" data-id=\"7d7b909\" data-element_type=\"widget\" data-e-type=\"widget\" data-widget_type=\"trx_sc_contact_form_7.default\">\n\t\t\t\t<div class=\"elementor-widget-container\">\n\t\t\t\t\t\n<div class=\"wpcf7 no-js\" id=\"wpcf7-f21209-o1\" lang=\"de-DE\" dir=\"ltr\" data-wpcf7-id=\"21209\">\n<div class=\"screen-reader-response\"><p role=\"status\" aria-live=\"polite\" aria-atomic=\"true\"><\/p> <ul><\/ul><\/div>\n<form action=\"\/de\/wp-json\/wp\/v2\/pages\/21132#wpcf7-f21209-o1\" method=\"post\" class=\"wpcf7-form init\" aria-label=\"Kontaktformular\" novalidate=\"novalidate\" data-status=\"init\">\n<fieldset class=\"hidden-fields-container\"><input type=\"hidden\" name=\"_wpcf7\" value=\"21209\" \/><input type=\"hidden\" name=\"_wpcf7_version\" value=\"6.1.5\" \/><input type=\"hidden\" name=\"_wpcf7_locale\" value=\"de_DE\" \/><input type=\"hidden\" name=\"_wpcf7_unit_tag\" value=\"wpcf7-f21209-o1\" \/><input type=\"hidden\" name=\"_wpcf7_container_post\" value=\"0\" \/><input type=\"hidden\" name=\"_wpcf7_posted_data_hash\" value=\"\" \/><input type=\"hidden\" name=\"_wpcf7_recaptcha_response\" value=\"\" \/>\n<\/fieldset>\n<div class=\"form-style-2\">\n\t<div class=\"columns_wrap\">\n\t\t<div class=\"column-1_2\">\n\t\t\t<p><span class=\"style-line\"><span class=\"wpcf7-form-control-wrap\" data-name=\"your-name\"><input size=\"40\" maxlength=\"400\" class=\"wpcf7-form-control wpcf7-text wpcf7-validates-as-required\" aria-required=\"true\" aria-invalid=\"false\" value=\"Name\" type=\"text\" name=\"your-name\" \/><\/span><\/span>\n\t\t\t<\/p>\n\t\t<\/div>\n\t\t<div class=\"column-1_2\">\n\t\t\t<p><span class=\"style-line\"><span class=\"wpcf7-form-control-wrap\" data-name=\"your-last-name\"><input size=\"40\" maxlength=\"400\" class=\"wpcf7-form-control wpcf7-text wpcf7-validates-as-required\" aria-required=\"true\" aria-invalid=\"false\" value=\"Nachnamen\" type=\"text\" name=\"your-last-name\" \/><\/span><\/span>\n\t\t\t<\/p>\n\t\t<\/div>\n\t<\/div>\n\t<div class=\"columns_wrap\">\n\t\t<div class=\"column-1_2\">\n\t\t\t<p><span class=\"style-line\"><span class=\"wpcf7-form-control-wrap\" data-name=\"your-email\"><input size=\"40\" maxlength=\"400\" class=\"wpcf7-form-control wpcf7-email wpcf7-validates-as-required wpcf7-text wpcf7-validates-as-email\" aria-required=\"true\" aria-invalid=\"false\" value=\"Email\" type=\"email\" name=\"your-email\" \/><\/span><\/span>\n\t\t\t<\/p>\n\t\t<\/div>\n\t\t<div class=\"column-1_2\">\n\t\t\t<p><span class=\"style-line\"><span class=\"wpcf7-form-control-wrap\" data-name=\"phone\"><input size=\"40\" maxlength=\"400\" class=\"wpcf7-form-control wpcf7-tel wpcf7-validates-as-required wpcf7-text wpcf7-validates-as-tel\" aria-required=\"true\" aria-invalid=\"false\" value=\"Telefon\" type=\"tel\" name=\"phone\" \/><\/span><\/span>\n\t\t\t<\/p>\n\t\t<\/div>\n\t<\/div>\n\t<div class=\"columns_wrap margin-bottom\">\n\t\t<div class=\"column-1_1\">\n\t\t\t<p><span class=\"style-line\"><span class=\"wpcf7-form-control-wrap\" data-name=\"your-message\"><textarea cols=\"40\" rows=\"10\" maxlength=\"2000\" class=\"wpcf7-form-control wpcf7-textarea wpcf7-validates-as-required\" aria-required=\"true\" aria-invalid=\"false\" name=\"your-message\">Nachricht<\/textarea><\/span><\/span>\n\t\t\t<\/p>\n\t\t<\/div>\n\t<\/div>\n\t<p><input class=\"wpcf7-form-control wpcf7-submit has-spinner\" type=\"submit\" value=\"Schicken\" \/>\n\t<\/p>\n<\/div><div class=\"wpcf7-response-output\" aria-hidden=\"true\"><\/div>\n<\/form>\n<\/div>\n\t\t\t\t<\/div>\n\t\t\t\t<\/div>\n\t\t\t\t<div class=\"elementor-element elementor-element-9b7e772 sc_height_small sc_layouts_hide_on_notebook sc_layouts_hide_on_tablet sc_layouts_hide_on_mobile sc_fly_static elementor-widget elementor-widget-spacer\" data-id=\"9b7e772\" data-element_type=\"widget\" data-e-type=\"widget\" data-widget_type=\"spacer.default\">\n\t\t\t\t<div class=\"elementor-widget-container\">\n\t\t\t\t\t\t\t<div class=\"elementor-spacer\">\n\t\t\t<div class=\"elementor-spacer-inner\"><\/div>\n\t\t<\/div>\n\t\t\t\t\t\t<\/div>\n\t\t\t\t<\/div>\n\t\t\t\t<div class=\"elementor-element elementor-element-f527462 sc_height_huge sc_layouts_hide_on_wide sc_layouts_hide_on_desktop sc_fly_static elementor-widget elementor-widget-spacer\" data-id=\"f527462\" data-element_type=\"widget\" data-e-type=\"widget\" data-widget_type=\"spacer.default\">\n\t\t\t\t<div class=\"elementor-widget-container\">\n\t\t\t\t\t\t\t<div class=\"elementor-spacer\">\n\t\t\t<div class=\"elementor-spacer-inner\"><\/div>\n\t\t<\/div>\n\t\t\t\t\t\t<\/div>\n\t\t\t\t<\/div>\n\t\t\t\t\t<\/div>\n\t\t<\/div>\n\t\t\t\t\t<\/div>\n\t\t<\/section>\n\t\t\t\t<\/div>\n\t\t","protected":false},"excerpt":{"rendered":"<p>Fahrplan Montag bis Freitag8:00 bis 14:00 Uhr und 15:00 bis 20:00 UhrSamstags8:00 a 14:00 Adresse Camino de las MonjasAlhaur\u00edn de la Torre, 29130, M\u00e1laga Ir a la ubicaci\u00f3n Kontakt Tel\u00e9fono:&hellip;<\/p>\n","protected":false},"author":1,"featured_media":0,"parent":0,"menu_order":0,"comment_status":"closed","ping_status":"closed","template":"","meta":{"footnotes":""},"class_list":["post-21132","page","type-page","status-publish","hentry"],"_links":{"self":[{"href":"https:\/\/www.yeguadanadales.com\/de\/wp-json\/wp\/v2\/pages\/21132","targetHints":{"allow":["GET"]}}],"collection":[{"href":"https:\/\/www.yeguadanadales.com\/de\/wp-json\/wp\/v2\/pages"}],"about":[{"href":"https:\/\/www.yeguadanadales.com\/de\/wp-json\/wp\/v2\/types\/page"}],"author":[{"embeddable":true,"href":"https:\/\/www.yeguadanadales.com\/de\/wp-json\/wp\/v2\/users\/1"}],"replies":[{"embeddable":true,"href":"https:\/\/www.yeguadanadales.com\/de\/wp-json\/wp\/v2\/comments?post=21132"}],"version-history":[{"count":5,"href":"https:\/\/www.yeguadanadales.com\/de\/wp-json\/wp\/v2\/pages\/21132\/revisions"}],"predecessor-version":[{"id":21604,"href":"https:\/\/www.yeguadanadales.com\/de\/wp-json\/wp\/v2\/pages\/21132\/revisions\/21604"}],"wp:attachment":[{"href":"https:\/\/www.yeguadanadales.com\/de\/wp-json\/wp\/v2\/media?parent=21132"}],"curies":[{"name":"wp","href":"https:\/\/api.w.org\/{rel}","templated":true}]}}