{"id":21532,"date":"2023-02-15T09:18:25","date_gmt":"2023-02-15T09:18:25","guid":{"rendered":"https:\/\/www.yeguadanadales.com\/erklaerung-zur-zugaenglichkeit\/"},"modified":"2023-02-15T09:44:30","modified_gmt":"2023-02-15T09:44:30","slug":"erklaerung-zur-zugaenglichkeit","status":"publish","type":"page","link":"https:\/\/www.yeguadanadales.com\/de\/erklaerung-zur-zugaenglichkeit\/","title":{"rendered":"Erkl\u00e4rung zur Zug\u00e4nglichkeit"},"content":{"rendered":"\t\t<div data-elementor-type=\"wp-page\" data-elementor-id=\"21532\" class=\"elementor elementor-21532 elementor-21503\">\n\t\t\t\t\t\t<section class=\"elementor-section elementor-top-section elementor-element elementor-element-95251fc elementor-section-boxed elementor-section-height-default elementor-section-height-default sc_fly_static\" data-id=\"95251fc\" data-element_type=\"section\" data-e-type=\"section\">\n\t\t\t\t\t\t<div class=\"elementor-container elementor-column-gap-extended\">\n\t\t\t\t\t<div class=\"elementor-column elementor-col-100 elementor-top-column elementor-element elementor-element-f5680f5 sc_inner_width_none sc_content_align_inherit sc_layouts_column_icons_position_left sc_fly_static\" data-id=\"f5680f5\" data-element_type=\"column\" data-e-type=\"column\">\n\t\t\t<div class=\"elementor-widget-wrap elementor-element-populated\">\n\t\t\t\t\t\t<div class=\"elementor-element elementor-element-66d5bab sc_fly_static elementor-widget elementor-widget-text-editor\" data-id=\"66d5bab\" data-element_type=\"widget\" data-e-type=\"widget\" data-widget_type=\"text-editor.default\">\n\t\t\t\t<div class=\"elementor-widget-container\">\n\t\t\t\t\t\t\t\t\t<p><strong>GEST\u00dcT NADALES<\/strong>  ist bestrebt, seine Websites im Einklang mit der  <a href=\"https:\/\/www.boe.es\/buscar\/act.php?id=BOE-A-2018-12699\">K\u00f6nigliches Dekret 1112\/2018<\/a>vom 7. September \u00fcber die Zug\u00e4nglichkeit von Websites und Anwendungen f\u00fcr mobile Ger\u00e4te, mit der die Richtlinie \u00fcber die Zug\u00e4nglichkeit von Websites und Anwendungen f\u00fcr mobile Ger\u00e4te in das spanische Rechtssystem umgesetzt wird  <a href=\"https:\/\/eur-lex.europa.eu\/legal-content\/ES\/TXT\/?uri=uriserv:OJ.L_.2016.327.01.0001.01.SPA&amp;toc=OJ:L:2016:327:FULL\">Richtlinie (EU) 2016\/2102 des Europ\u00e4ischen Parlaments und des Rates<\/a>.<\/p>\n<p>Diese Erkl\u00e4rung zur Zug\u00e4nglichkeit gilt f\u00fcr die Website <a href=\"http:\/\/yeguadanadales.com\">www.yeguadanadales.com.<\/a><\/p>\n<h5>Stand der Einhaltung<\/h5>\n<p>Diese Website <strong>entspricht in vollem Umfang der<\/strong> <a href=\"https:\/\/www.boe.es\/diario_boe\/txt.php?id=BOE-A-2018-12699\">RD 1112\/2018<\/a> aufgrund der Ausnahmen und der Nichteinhaltung der unten aufgef\u00fchrten Aspekte.<\/p>\n<h5>Inhalt nicht zug\u00e4nglich<\/h5>\n<p>Der nachstehende Inhalt ist aus den folgenden Gr\u00fcnden nicht zug\u00e4nglich:<\/p>\n<h6>Nichteinhaltung des RD 1112\/2018:<\/h6>\n<ul>\n<li>Aufgrund der Automatisierung einiger Ver\u00f6ffentlichungen kann es Seiten mit falscher Verschachtelung von HTML-Tags geben.<\/li>\n<li>Es gibt Dokumente im PDF-Format, die nicht den Normen entsprechen, von denen einige eine HTML-Alternative in Textform haben, die den Normen entspricht.<\/li>\n<li>Auf einigen Webseiten kann es gelegentlich zu Bearbeitungsfehlern kommen.<\/li>\n<\/ul>\n<h6>Unverh\u00e4ltnism\u00e4\u00dfige Belastung:<\/h6>\n<ul>\n<li>Nicht anwendbar.<\/li>\n<\/ul>\n<h6>Inhalte, die nicht in den Anwendungsbereich der geltenden Rechtsvorschriften fallen<\/h6>\n<ul>\n<li>Office-Dateien in PDF- oder anderen Formaten sowie vor dem 20. September 2018 ver\u00f6ffentlichte Bewerbungen, die nicht alle Anforderungen an die Barrierefreiheit erf\u00fcllen.<\/li>\n<li>Online-Mapping- und Kartographiedienste.<\/li>\n<\/ul>\n<h5>Erstellung dieser Zug\u00e4nglichkeitserkl\u00e4rung<\/h5>\n<p>Diese Erkl\u00e4rung wurde am 28. Oktober 2019 erstellt und basiert auf den Web Accessibility Reports der <a href=\"https:\/\/administracionelectronica.gob.es\/pae_Home\/pae_Estrategias\/pae_Accesibilidad.html\">Informationsstelle f\u00fcr Barrierefreiheit<\/a>.<\/p>\n<p>Das Datum der letzten \u00dcberpr\u00fcfung war der 29. September 2020.<\/p>\n<h5>Bemerkungen und Kontaktangaben<\/h5>\n<p>Sie k\u00f6nnen <strong>Mitteilungen<\/strong> \u00fcber Zug\u00e4nglichkeitsanforderungen (Artikel 10.2 der RD 1112\/2018) machen, wie z. B.:<\/p>\n<ul>\n<li>Melden Sie m\u00f6gliche Verst\u00f6\u00dfe auf dieser Website<\/li>\n<li>\u00dcbermittlung anderer <strong>Schwierigkeiten beim Zugang zu<\/strong> Inhalten<\/li>\n<li>alle anderen <strong>Fragen oder Verbesserungsvorschl\u00e4ge<\/strong> bez\u00fcglich der Zug\u00e4nglichkeit der Website \u00fcber das <a href=\"https:\/\/admfincasmjerez.com\/contactar\/\">Kontaktformular<\/a> auf dieser Website zu stellen.<\/li>\n<\/ul>\n<p>Die Mitteilungen werden von <strong>YEGUADA NADALES<\/strong> entgegengenommen und verarbeitet.<\/p>\n<h5>Bewerbungsverfahren<\/h5>\n<p>Es wird ein angemessenes und wirksames Durchsetzungsverfahren eingerichtet, das im Falle einer unbefriedigenden Antwort auf die Mitteilung oder das Ersuchen angewandt werden sollte.<\/p>\n<h5>Fakultativer Inhalt<\/h5>\n<p>Diese Website:<\/p>\n<ul>\n<li>Sie wurde in \u00dcbereinstimmung mit den aktuellen Normen und Vorschriften in Bezug auf die Zug\u00e4nglichkeit gestaltet und entspricht den Pr\u00fcfpunkten der Priorit\u00e4t 2 (AA), die in der Spezifikation der Web Content Accessibility Guidelines (WCAG 2.1) festgelegt sind.<\/li>\n<li>Erf\u00fcllt die Anforderungen der <a href=\"https:\/\/administracionelectronica.gob.es\/pae_Home\/dam\/jcr:2352eaaf-2ee8-4501-a67b-bb682c6de934\/Norma_UNE-EN_301549.pdf\">UNE-EN 301549 v1.1.2:2015<\/a> unter Ber\u00fccksichtigung der Ausnahmen des K\u00f6niglichen Dekrets 1112\/2018.<\/li>\n<li>Sie ist f\u00fcr die korrekte Darstellung auf Desktop-, Tablet- und Mobilger\u00e4ten bei einer Mindestaufl\u00f6sung von 1280&#215;1024 ausgelegt.<\/li>\n<li>Sie wurde unter Verwendung von HTML5 als Auszeichnungssprache und CSS 3 Style Sheets f\u00fcr ihr Design erstellt.<\/li>\n<li>Sie ist f\u00fcr die Verwendung mit nicht-intrusivem JavaScript konzipiert und bietet f\u00fcr den Fall, dass Ihr Browser dies nicht unterst\u00fctzt, eine entsprechende Alternative ohne JavaScript.<\/li>\n<\/ul>\n\t\t\t\t\t\t\t\t<\/div>\n\t\t\t\t<\/div>\n\t\t\t\t\t<\/div>\n\t\t<\/div>\n\t\t\t\t\t<\/div>\n\t\t<\/section>\n\t\t\t\t<\/div>\n\t\t","protected":false},"excerpt":{"rendered":"<p>GEST\u00dcT NADALES ist bestrebt, seine Websites im Einklang mit der K\u00f6nigliches Dekret 1112\/2018vom 7. September \u00fcber die Zug\u00e4nglichkeit von Websites und Anwendungen f\u00fcr mobile Ger\u00e4te, mit der die Richtlinie \u00fcber&hellip;<\/p>\n","protected":false},"author":1,"featured_media":0,"parent":0,"menu_order":0,"comment_status":"closed","ping_status":"closed","template":"","meta":{"footnotes":""},"class_list":["post-21532","page","type-page","status-publish","hentry"],"_links":{"self":[{"href":"https:\/\/www.yeguadanadales.com\/de\/wp-json\/wp\/v2\/pages\/21532","targetHints":{"allow":["GET"]}}],"collection":[{"href":"https:\/\/www.yeguadanadales.com\/de\/wp-json\/wp\/v2\/pages"}],"about":[{"href":"https:\/\/www.yeguadanadales.com\/de\/wp-json\/wp\/v2\/types\/page"}],"author":[{"embeddable":true,"href":"https:\/\/www.yeguadanadales.com\/de\/wp-json\/wp\/v2\/users\/1"}],"replies":[{"embeddable":true,"href":"https:\/\/www.yeguadanadales.com\/de\/wp-json\/wp\/v2\/comments?post=21532"}],"version-history":[{"count":1,"href":"https:\/\/www.yeguadanadales.com\/de\/wp-json\/wp\/v2\/pages\/21532\/revisions"}],"predecessor-version":[{"id":21533,"href":"https:\/\/www.yeguadanadales.com\/de\/wp-json\/wp\/v2\/pages\/21532\/revisions\/21533"}],"wp:attachment":[{"href":"https:\/\/www.yeguadanadales.com\/de\/wp-json\/wp\/v2\/media?parent=21532"}],"curies":[{"name":"wp","href":"https:\/\/api.w.org\/{rel}","templated":true}]}}