{"id":21540,"date":"2020-08-27T08:23:10","date_gmt":"2020-08-27T08:23:10","guid":{"rendered":"https:\/\/www.yeguadanadales.com\/rechtlicher-hinweis\/"},"modified":"2023-02-15T11:08:09","modified_gmt":"2023-02-15T11:08:09","slug":"rechtlicher-hinweis","status":"publish","type":"page","link":"https:\/\/www.yeguadanadales.com\/de\/rechtlicher-hinweis\/","title":{"rendered":"Rechtlicher Hinweis"},"content":{"rendered":"\t\t<div data-elementor-type=\"wp-page\" data-elementor-id=\"21540\" class=\"elementor elementor-21540 elementor-12954\">\n\t\t\t\t\t\t<section class=\"elementor-section elementor-top-section elementor-element elementor-element-a2ec18c elementor-section-boxed elementor-section-height-default elementor-section-height-default sc_fly_static\" data-id=\"a2ec18c\" data-element_type=\"section\" data-e-type=\"section\" data-settings=\"{&quot;background_background&quot;:&quot;classic&quot;}\">\n\t\t\t\t\t\t<div class=\"elementor-container elementor-column-gap-extended\">\n\t\t\t\t\t<div class=\"elementor-column elementor-col-100 elementor-top-column elementor-element elementor-element-e4f67bc sc_inner_width_none sc_content_align_inherit sc_layouts_column_icons_position_left sc_fly_static\" data-id=\"e4f67bc\" data-element_type=\"column\" data-e-type=\"column\">\n\t\t\t<div class=\"elementor-widget-wrap elementor-element-populated\">\n\t\t\t\t\t\t<div class=\"elementor-element elementor-element-fc87c00 sc_fly_static elementor-widget elementor-widget-text-editor\" data-id=\"fc87c00\" data-element_type=\"widget\" data-e-type=\"widget\" data-widget_type=\"text-editor.default\">\n\t\t\t\t<div class=\"elementor-widget-container\">\n\t\t\t\t\t\t\t\t\t<h5>IDENTIFIKATIONSDATEN<\/h5>\n<p>In \u00dcbereinstimmung mit der Informationspflicht gem\u00e4\u00df Artikel 10 des Gesetzes 34\/2002 vom 11. Juli \u00fcber die Dienste der Informationsgesellschaft und den elektronischen Handel werden im Folgenden die folgenden Informationen wiedergegeben: Das Unternehmen, das die Web-Domain besitzt, ist  <strong>JUAN PEDRO NADALES EST\u00c9BANEZ<\/strong>  (nachstehend  <strong>GEST\u00dcT NADALES<\/strong>), mit eingetragenem Sitz in Campanillas, Malaga<strong>,  <\/strong>mit DNI: 33381704X. Website-Kontakt-E-Mail: <a href=\"mailto:gemanadales@gmail.com\">gemanadales@gmail.com<\/a>.<\/p>\n<h5>BENUTZER<\/h5>\n<p>Der Zugang und\/oder die Nutzung dieses Portals <strong>von YEGUADA NADALES<\/strong> setzt voraus, dass der BENUTZER mit dem Zugang und\/oder der Nutzung die hierin enthaltenen Allgemeinen Nutzungsbedingungen akzeptiert. Die vorgenannten Bedingungen gelten unbeschadet der Allgemeinen Verkaufsbedingungen, die gegebenenfalls zwingend sind.<\/p>\n<h5>ALLGEMEINE NUTZUNGSBEDINGUNGEN<\/h5>\n<p><a href=\"http:\/\/yeguadanadales.com\">www.yeguadanadales.com<\/a> bietet Zugang zu einer Vielzahl von Informationen, Diensten, Programmen oder Daten (im Folgenden &#8222;die Inhalte&#8220;) im Internet, die <strong>YEGUADA NADALES<\/strong> oder seinen Lizenzgebern geh\u00f6ren und zu denen der BENUTZER Zugang haben kann. Der NUTZER \u00fcbernimmt die Verantwortung f\u00fcr die Nutzung des Portals. Diese Verantwortung erstreckt sich auch auf die Registrierung, die f\u00fcr den Zugang zu bestimmten Diensten oder Inhalten erforderlich sein kann.<\/p>\n<p>Der BENUTZER ist daf\u00fcr verantwortlich, bei der Registrierung wahrheitsgem\u00e4\u00dfe und rechtm\u00e4\u00dfige Angaben zu machen. Als Folge dieser Registrierung kann dem BENUTZER ein Passwort zugeteilt werden, f\u00fcr das er verantwortlich ist und f\u00fcr dessen sorgf\u00e4ltige und vertrauliche Verwendung er sich verpflichtet. Der BENUTZER verpflichtet sich, die von <strong>YEGUADA NADALES<\/strong> zur Verf\u00fcgung gestellten Inhalte und Dienste (wie Chat-Dienste, Diskussionsforen oder Newsgroups) angemessen zu nutzen.  (1) rechtswidrige, illegale oder gegen Treu und Glauben und die \u00f6ffentliche Ordnung versto\u00dfende Handlungen; (2) die Verbreitung von Inhalten oder Propaganda rassistischer, fremdenfeindlicher, pornografisch-rechtswidriger Art, die Unterst\u00fctzung des Terrorismus oder die Verletzung der Menschenrechte; (3) die Besch\u00e4digung der physischen und logischen Systeme von  <strong>GEST\u00dcT NADALES<\/strong>(3) die Dienste seiner Lieferanten oder Dritter in Anspruch zu nehmen, um Computerviren oder andere physische oder logische Systeme einzuf\u00fchren oder zu verbreiten, die die oben genannten Sch\u00e4den verursachen k\u00f6nnten; (4) zu versuchen, auf die E-Mail-Konten anderer Nutzer zuzugreifen und sie gegebenenfalls zu nutzen und ihre Nachrichten zu ver\u00e4ndern oder zu manipulieren.  <strong>GEST\u00dcT NADALES<\/strong>  beh\u00e4lt sich das Recht vor, alle Kommentare und Beitr\u00e4ge zu entfernen, die gegen die Achtung der Menschenw\u00fcrde versto\u00dfen, die diskriminierend, fremdenfeindlich, rassistisch oder pornografisch sind, die die Jugend oder das Kindesalter, die \u00f6ffentliche Ordnung oder Sicherheit verletzen oder die seiner Meinung nach nicht zur Ver\u00f6ffentlichung geeignet sind. In jedem Fall ist <strong>YEGUADA NADALES<\/strong> nicht f\u00fcr die von den Nutzern in den Foren, Chats oder anderen Beteiligungsinstrumenten ge\u00e4u\u00dferten Meinungen verantwortlich.<\/p>\n<h5>GEISTIGES UND GEWERBLICHES EIGENTUM<\/h5>\n<p><strong>GEST\u00dcT NADALES<\/strong>  ist selbst oder als Bevollm\u00e4chtigter Inhaber aller geistigen und gewerblichen Eigentumsrechte an seiner Website sowie an den darin enthaltenen Elementen (einschlie\u00dflich, aber nicht beschr\u00e4nkt auf Bilder, Ton, Audio, Video, Software oder Texte; Marken oder Logos, Farbkombinationen, Struktur und Design, Auswahl der verwendeten Materialien, Computerprogramme, die f\u00fcr den Betrieb, den Zugang und die Nutzung erforderlich sind, usw.), die Eigentum von  <strong>YEGUADA NADALES<\/strong> oder seine Lizenzgeber.<\/p>\n<p>Alle Rechte vorbehalten. Gem\u00e4\u00df den Bestimmungen der Artikel 8 und 32.1, zweiter Absatz, des Gesetzes \u00fcber geistiges Eigentum sind die Vervielf\u00e4ltigung, die Verbreitung und die \u00f6ffentliche Wiedergabe, einschlie\u00dflich der Bereitstellung, des gesamten oder eines Teils des Inhalts dieser Website zu kommerziellen Zwecken, auf jedem Medium und mit jedem technischen Mittel, ohne die Genehmigung von  <strong>GEST\u00dcT NADALES<\/strong>. Der BENUTZER verpflichtet sich, die Rechte des geistigen und gewerblichen Eigentums von <strong>YEGUADA NADALES<\/strong> zu respektieren. Sie k\u00f6nnen die Elemente des Portals ansehen und sogar ausdrucken, kopieren und auf der Festplatte Ihres Computers oder einem anderen physischen Medium speichern, vorausgesetzt, dass dies einzig und allein zu Ihrem pers\u00f6nlichen und privaten Gebrauch geschieht. Der BENUTZER wird es unterlassen, die auf den Seiten von <strong>YEGUADA NADALES<\/strong> installierten Schutzvorrichtungen oder Sicherheitssysteme zu l\u00f6schen, zu ver\u00e4ndern, zu umgehen oder zu manipulieren.<\/p>\n<h5>AUSSCHLUSS VON GEW\u00c4HRLEISTUNG UND HAFTUNG<\/h5>\n<p><strong>GEST\u00dcT NADALES<\/strong>  haftet unter keinen Umst\u00e4nden f\u00fcr Sch\u00e4den jeglicher Art, die durch Fehler oder Auslassungen in den Inhalten, mangelnde Verf\u00fcgbarkeit des Portals oder die \u00dcbertragung von Viren oder b\u00f6sartigen oder sch\u00e4dlichen Programmen in den Inhalten verursacht werden k\u00f6nnen, obwohl sie alle erforderlichen technischen Ma\u00dfnahmen ergriffen hat, um dies zu verhindern.<\/p>\n<h5>\u00c4NDERUNGEN<\/h5>\n<p><strong>GEST\u00dcT NADALES<\/strong>  beh\u00e4lt sich das Recht vor, ohne Vorank\u00fcndigung \u00c4nderungen an seinem Portal vorzunehmen, die sie f\u00fcr angemessen h\u00e4lt, und kann sowohl die Inhalte und Dienstleistungen, die \u00fcber das Portal angeboten werden, als auch die Art und Weise, wie sie auf dem Portal pr\u00e4sentiert werden, \u00e4ndern, l\u00f6schen oder hinzuf\u00fcgen.<\/p>\n<h5>LINKS<\/h5>\n<p>F\u00fcr den Fall, dass <a href=\"http:\/\/www.yeguadanadales.com\">www.yeguadanadales.com<\/a> Links oder Hyperlinks zu anderen Internet-Seiten enth\u00e4lt, \u00fcbt <strong>YEGUADA NADALES<\/strong> keinerlei Kontrolle \u00fcber diese Seiten und deren Inhalte aus. <strong>YEGUADA NADALES<\/strong> \u00fcbernimmt unter keinen Umst\u00e4nden die Verantwortung f\u00fcr den Inhalt eines Links, der zu einer externen Website geh\u00f6rt, und garantiert auch nicht die technische Verf\u00fcgbarkeit, Qualit\u00e4t, Zuverl\u00e4ssigkeit, Genauigkeit, Vollst\u00e4ndigkeit, Wahrhaftigkeit, G\u00fcltigkeit und Verfassungsm\u00e4\u00dfigkeit des Materials oder der Informationen, die in einem dieser Hyperlinks oder auf anderen Websites enthalten sind. Ebenso wenig bedeutet die Aufnahme dieser externen Verbindungen irgendeine Art von Assoziierung, Fusion oder Beteiligung mit den verbundenen Einrichtungen.<\/p>\n<h5>RECHT AUF AUSSCHLUSS<\/h5>\n<p><strong>YEGUADA NADALES<\/strong> beh\u00e4lt sich das Recht vor, den Zugang zum Portal und\/oder zu den angebotenen Dienstleistungen ohne vorherige Ank\u00fcndigung zu verweigern oder zu entziehen, und zwar auf eigenes Verlangen oder auf Verlangen eines Dritten, wenn der Nutzer die vorliegenden Allgemeinen Nutzungsbedingungen nicht einh\u00e4lt.<\/p>\n<h5>ALLGEMEINES<\/h5>\n<p><strong>YEGUADA NADALES<\/strong> wird den Versto\u00df gegen diese Bedingungen sowie jede missbr\u00e4uchliche Nutzung seines Portals mit allen zivil- und strafrechtlichen Ma\u00dfnahmen verfolgen, die ihm gesetzlich zustehen k\u00f6nnen.<\/p>\n<h5>\u00c4NDERUNG DIESER BEDINGUNGEN UND DER DAUER<\/h5>\n<p><strong>YEGUADA NADALES<\/strong> kann jederzeit die hier festgelegten Bedingungen \u00e4ndern, die hier ordnungsgem\u00e4\u00df ver\u00f6ffentlicht werden. Die G\u00fcltigkeit dieser Bedingungen h\u00e4ngt von ihrer Bekanntmachung ab und bleibt bis zu ihrer ordnungsgem\u00e4\u00dfen Ver\u00f6ffentlichung in Kraft. die von anderen ge\u00e4ndert werden k\u00f6nnen.<\/p>\n<h5>ANWENDBARES RECHT UND GERICHTSBARKEIT<\/h5>\n<p>Die Beziehung zwischen <strong>YEGUADA NADALES<\/strong> und dem BENUTZER unterliegt der geltenden spanischen Gesetzgebung und alle Streitigkeiten werden den Gerichten der Stadt C\u00f3rdoba vorgelegt.<\/p>\n<p>bleiben bis zu ihrer ordnungsgem\u00e4\u00dfen Ver\u00f6ffentlichung in Kraft. die von anderen ge\u00e4ndert werden k\u00f6nnen.<\/p>\n<h5>PRODUKTBILDER<\/h5>\n<p>Alle auf unserer Website gezeigten Produktbilder dienen nur der Veranschaulichung. \u00c4nderungen des Produktdesigns, der Logos, der Typografie oder der Farben durch den Hersteller sind vorbehalten.<\/p>\n\t\t\t\t\t\t\t\t<\/div>\n\t\t\t\t<\/div>\n\t\t\t\t\t<\/div>\n\t\t<\/div>\n\t\t\t\t\t<\/div>\n\t\t<\/section>\n\t\t\t\t<\/div>\n\t\t","protected":false},"excerpt":{"rendered":"<p>IDENTIFIKATIONSDATEN In \u00dcbereinstimmung mit der Informationspflicht gem\u00e4\u00df Artikel 10 des Gesetzes 34\/2002 vom 11. Juli \u00fcber die Dienste der Informationsgesellschaft und den elektronischen Handel werden im Folgenden die folgenden Informationen&hellip;<\/p>\n","protected":false},"author":1,"featured_media":0,"parent":0,"menu_order":0,"comment_status":"closed","ping_status":"closed","template":"","meta":{"footnotes":""},"class_list":["post-21540","page","type-page","status-publish","hentry"],"_links":{"self":[{"href":"https:\/\/www.yeguadanadales.com\/de\/wp-json\/wp\/v2\/pages\/21540","targetHints":{"allow":["GET"]}}],"collection":[{"href":"https:\/\/www.yeguadanadales.com\/de\/wp-json\/wp\/v2\/pages"}],"about":[{"href":"https:\/\/www.yeguadanadales.com\/de\/wp-json\/wp\/v2\/types\/page"}],"author":[{"embeddable":true,"href":"https:\/\/www.yeguadanadales.com\/de\/wp-json\/wp\/v2\/users\/1"}],"replies":[{"embeddable":true,"href":"https:\/\/www.yeguadanadales.com\/de\/wp-json\/wp\/v2\/comments?post=21540"}],"version-history":[{"count":2,"href":"https:\/\/www.yeguadanadales.com\/de\/wp-json\/wp\/v2\/pages\/21540\/revisions"}],"predecessor-version":[{"id":21683,"href":"https:\/\/www.yeguadanadales.com\/de\/wp-json\/wp\/v2\/pages\/21540\/revisions\/21683"}],"wp:attachment":[{"href":"https:\/\/www.yeguadanadales.com\/de\/wp-json\/wp\/v2\/media?parent=21540"}],"curies":[{"name":"wp","href":"https:\/\/api.w.org\/{rel}","templated":true}]}}