{"id":21544,"date":"2023-02-15T09:17:23","date_gmt":"2023-02-15T09:17:23","guid":{"rendered":"https:\/\/www.yeguadanadales.com\/datenschutzrichtlinie-und-cookies\/"},"modified":"2023-02-15T11:09:16","modified_gmt":"2023-02-15T11:09:16","slug":"datenschutzrichtlinie-und-cookies","status":"publish","type":"page","link":"https:\/\/www.yeguadanadales.com\/de\/datenschutzrichtlinie-und-cookies\/","title":{"rendered":"Datenschutzrichtlinie und Cookies"},"content":{"rendered":"\t\t<div data-elementor-type=\"wp-page\" data-elementor-id=\"21544\" class=\"elementor elementor-21544 elementor-21497\">\n\t\t\t\t\t\t<section class=\"elementor-section elementor-top-section elementor-element elementor-element-7eaf6a6 elementor-section-boxed elementor-section-height-default elementor-section-height-default sc_fly_static\" data-id=\"7eaf6a6\" data-element_type=\"section\" data-e-type=\"section\">\n\t\t\t\t\t\t<div class=\"elementor-container elementor-column-gap-extended\">\n\t\t\t\t\t<div class=\"elementor-column elementor-col-100 elementor-top-column elementor-element elementor-element-b20e1ac sc_inner_width_none sc_content_align_inherit sc_layouts_column_icons_position_left sc_fly_static\" data-id=\"b20e1ac\" data-element_type=\"column\" data-e-type=\"column\">\n\t\t\t<div class=\"elementor-widget-wrap elementor-element-populated\">\n\t\t\t\t\t\t<div class=\"elementor-element elementor-element-676982f sc_fly_static elementor-widget elementor-widget-text-editor\" data-id=\"676982f\" data-element_type=\"widget\" data-e-type=\"widget\" data-widget_type=\"text-editor.default\">\n\t\t\t\t<div class=\"elementor-widget-container\">\n\t\t\t\t\t\t\t\t\t<p>Die hier dargelegten Bedingungen der <strong>DATENSCHUTZPOLITIK<\/strong> bieten den Nutzern der Website(<a href=\"http:\/\/www.yeguadanadales.com\">www.yeguadanadales.com<\/a>) (im Folgenden &#8222;die Website&#8220;) in klarer und ausf\u00fchrlicher Weise Informationen \u00fcber die Verarbeitung der von jedem Nutzer erhobenen Daten und deren Schutz gem\u00e4\u00df dem gesetzlichen Rahmen, den die am 25. Mai 2018 verabschiedete Allgemeine Datenschutzverordnung (GDPR) und die spanische Datenschutzgesetzgebung vorsehen.<\/p>\n<p>In \u00dcbereinstimmung mit den gesetzlichen Bestimmungen sind daher die folgenden Datenschutzbestimmungen zu beachten:<\/p>\n<ul>\n<li>Die Art der verarbeiteten personenbezogenen Daten.<\/li>\n<li>Die Zwecke und Mittel der Verarbeitung personenbezogener Daten.<\/li>\n<li>Die Identit\u00e4t und die Kontaktdaten der f\u00fcr die Datenverarbeitung Verantwortlichen.<\/li>\n<li>Die Kontaktdaten des Datenschutzbeauftragten (DSB).<\/li>\n<li>Dritte, die an der Verarbeitung beteiligt sind.<\/li>\n<li>Die Aufbewahrungsfrist f\u00fcr personenbezogene Daten.<\/li>\n<li>Die zum Schutz personenbezogener Daten getroffenen Sicherheitsma\u00dfnahmen.<\/li>\n<li>Rechte der Nutzer auf Privatsph\u00e4re.<\/li>\n<\/ul>\n<h5>IHRE RECHTE WAHRNEHMEN GDRRPD<\/h5>\n<p>Wir informieren Sie dar\u00fcber, dass Sie die folgenden Rechte aus\u00fcben k\u00f6nnen:<\/p>\n<ul>\n<li>Recht auf Zugang zu Ihren personenbezogenen Daten, um zu erfahren, welche personenbezogenen Daten verarbeitet werden und welche Verarbeitungen an ihnen vorgenommen werden.<\/li>\n<li>Das Recht, unrichtige personenbezogene Daten zu berichtigen.<\/li>\n<li>Das Recht auf L\u00f6schung Ihrer personenbezogenen Daten, soweit dies m\u00f6glich ist.<\/li>\n<li>das Recht, die Einschr\u00e4nkung der Verarbeitung Ihrer personenbezogenen Daten zu verlangen, wenn Zweifel an der Richtigkeit, Rechtm\u00e4\u00dfigkeit oder Notwendigkeit der Datenverarbeitung bestehen; in diesem Fall k\u00f6nnen wir die Daten zum Zwecke der Verfolgung oder Abwehr von Anspr\u00fcchen aufbewahren.<\/li>\n<li>Das Recht, der Verarbeitung Ihrer personenbezogenen Daten zu widersprechen, wenn die Rechtsgrundlage, die uns die Verarbeitung Ihrer personenbezogenen Daten erlaubt, wie in der obigen Tabelle angegeben, ein berechtigtes Interesse ist. Das Unternehmen wird die Verarbeitung Ihrer Daten einstellen, es sei denn, es hat ein zwingendes berechtigtes Interesse oder sie ist zur Abwehr von Anspr\u00fcchen erforderlich.<\/li>\n<li>Das Recht, die Aufbewahrung und Speicherung Ihrer personenbezogenen Daten auf den gesetzlich vorgeschriebenen Zeitraum zu beschr\u00e4nken.<\/li>\n<\/ul>\n<p>Sie k\u00f6nnen Ihre Rechte jederzeit und kostenlos aus\u00fcben, indem Sie eine E-Mail an <a href=\"mailto:gemanadales@gmail.com\">gemanadales@gmail.com<\/a> senden und dabei das Recht, das Sie aus\u00fcben m\u00f6chten, sowie Ihre Identifikationsdaten angeben.<\/p>\n<p>Diese Datenschutzrichtlinie gilt ausschlie\u00dflich f\u00fcr &#8222;die Website&#8220; und bezieht sich nicht auf andere Websites, zu denen Sie von dieser Website aus weitergeleitet werden k\u00f6nnen.<\/p>\n<p>Unter keinen Umst\u00e4nden d\u00fcrfen Nutzer unter sechzehn Jahren ohne Zustimmung der Eltern in die Verarbeitung personenbezogener Daten einwilligen.<\/p>\n<h5>1. STEUERGER\u00c4T<\/h5>\n<p>Die Datenschutz-Grundverordnung weist in ihren Rechtsvorschriften auf die Notwendigkeit der Kontrolle und \u00dcberwachung der Daten durch eine betroffene Person hin, die allein oder gemeinsam mit anderen \u00fcber die Zwecke und Mittel der Verarbeitung personenbezogener Daten entscheidet.<\/p>\n<p>Im Rahmen der neuen Gesetzgebung sind die f\u00fcr die Verarbeitung und \u00dcberwachung von &#8222;Web&#8220;-Daten benannten Verantwortlichen:<\/p>\n<p>\n            <strong>GEST\u00dcT NADALES<\/strong>\n          <\/p>\n<p><strong>YEGUADA NADALES<\/strong> kann sich an den Datenschutzbeauftragten wenden, der daf\u00fcr verantwortlich ist, dass unsere Website personenbezogene Daten in \u00dcbereinstimmung mit der GDPR verarbeitet, und zwar \u00fcber die folgende E-Mail-Adresse: <a href=\"mailto:gemanadales@gmail.com\">gemanadales@gmail.com.<\/a><\/p>\n<p>&#8222;Pers\u00f6nliche Daten&#8220; sind alle Informationen, die sich im Besitz von Nutzern befinden und die sie pers\u00f6nlich identifizieren, entweder allein oder in Kombination mit anderen Informationen.<\/p>\n<p>Personenbezogene Daten werden von der Website von YEGUADA NADALES automatisch erfasst oder \u00fcber verschiedene Quellen erhalten: Formulare, Chat, E-Mail, Anwendungen, Ger\u00e4te, soziale Netzwerke und andere Medien.<\/p>\n<h5>Daten zur Navigation<\/h5>\n<p>Die Website sammelt automatisch nicht sensible Browsing-Daten, um die Navigation des Nutzers zu erm\u00f6glichen und zu verbessern (z. B. IP-Adresse, Datum\/Uhrzeit des Besuchs und dessen Dauer, etwaige verweisende URLs, auf der Website besuchte Seiten, verwendetes Ger\u00e4t und andere Informationen).<\/p>\n<p>Die Verarbeitung dieser Informationen erm\u00f6glicht es den Nutzern, auf die Website zuzugreifen und ihre Funktionen und Dienste in vollem Umfang zu nutzen. Dar\u00fcber hinaus k\u00f6nnen Browsing-Daten verwendet werden, um zu \u00fcberpr\u00fcfen, ob die Website ordnungsgem\u00e4\u00df funktioniert.<\/p>\n<p>Von Zeit zu Zeit werden Browsing-Daten in anonymer Form zu statistischen Zwecken verarbeitet.<\/p>\n<p>Es ist unwahrscheinlich, dass die Navigationsdaten die Identifizierung der betroffenen Person erm\u00f6glichen. Die Browsing-Daten k\u00f6nnen jedoch naturgem\u00e4\u00df die Identifizierung von Nutzern erm\u00f6glichen, wenn sie mit anderen Informationen verkn\u00fcpft werden.<\/p>\n<p>Die oben beschriebenen Navigationsdaten werden nur vor\u00fcbergehend in \u00dcbereinstimmung mit dem geltenden Recht gespeichert.<\/p>\n<h5>Registrierung der Website<\/h5>\n<p>Wenn Nutzer sich f\u00fcr ein pers\u00f6nliches Konto auf der Website von YEGUADA NADALES entscheiden, werden sie aufgefordert, pers\u00f6nliche Daten anzugeben. Auf der Website ist klar angegeben, welche pers\u00f6nlichen Daten f\u00fcr die Einrichtung eines Kontos auf der Website erforderlich sind (oder nicht).<\/p>\n<p>Die Nutzer sind verpflichtet, bei der Registrierung wahrheitsgem\u00e4\u00dfe und genaue Angaben zu ihrer Person zu machen, und werden aufgefordert, ihre pers\u00f6nlichen Daten auf dem neuesten Stand zu halten. Um \u00c4nderungen daran vorzunehmen, m\u00fcssen Sie sich in Ihr pers\u00f6nliches Konto einloggen, um alle relevanten \u00c4nderungen vorzunehmen.<\/p>\n<p>Nutzer, die sich daf\u00fcr entscheiden, ihr Website-Konto \u00fcber ein soziales Netzwerk zu aktivieren oder sich dort anzumelden, sollten sich dar\u00fcber im Klaren sein, dass die Website, wenn sie ihr Website-Konto mit einem Konto eines sozialen Netzwerks verbinden, bestimmte pers\u00f6nliche Informationen erfasst, die der Nutzer diesen sozialen Netzwerken bereits zur Verf\u00fcgung gestellt hat (z. B. E-Mail-Adresse und \u00f6ffentliches Facebook-Profil).<\/p>\n<p>Die f\u00fcr die Verarbeitung Verantwortlichen \u00fcberwachen oder kontrollieren solche sozialen Netzwerkdienste oder die Profile der Nutzer in solchen Diensten nicht und legen keine Datenschutzeinstellungen oder Regeln f\u00fcr die Verwendung personenbezogener Daten aus solchen Diensten fest. Den Nutzern wird dringend empfohlen, alle anwendbaren Richtlinien und Informationen der sozialen Netzwerkdienste zu lesen, um mehr dar\u00fcber zu erfahren, wie sie pers\u00f6nliche Daten verarbeiten.<\/p>\n<h6>Newsletter und Marketingkommunikation<\/h6>\n<p>Auf der Website k\u00f6nnen sich die Nutzer f\u00fcr den Erhalt von Newslettern und kommerziellen Mitteilungen entscheiden.<\/p>\n<p><a href=\"http:\/\/www.yeguadanadales.com\">www.yeguadanadales.com<\/a> holt stets die ausdr\u00fcckliche, freie und unmissverst\u00e4ndliche Zustimmung der Nutzer ein, bevor es informative Newsletter und Marketingmitteilungen an die Nutzer versendet.<\/p>\n<p>In solchen F\u00e4llen k\u00f6nnen die Nutzer aufgefordert werden, zus\u00e4tzlich zu ihrer E-Mail-Adresse pers\u00f6nliche Daten anzugeben, damit Newsletter und Marketingmitteilungen auf das Profil des Nutzers zugeschnitten werden k\u00f6nnen.<\/p>\n<p>Die Nutzer k\u00f6nnen ihre Zustimmung zum Erhalt von Newslettern und kommerziellen Mitteilungen jederzeit \u00fcber ihre Kontoeinstellungen widerrufen, indem sie auf den Link &#8222;Abbestellen&#8220; in einer solchen E-Mail klicken oder einfach eine entsprechende E-Mail senden.<\/p>\n<p>Mit der ausdr\u00fccklichen Zustimmung des Nutzers k\u00f6nnen Newsletter und Marketingmitteilungen auf das &#8222;Profil&#8220; des Nutzers zugeschnitten werden, und zwar auf der Grundlage der pers\u00f6nlichen Informationen und Browsing-Daten, die die Website \u00fcber den betreffenden Nutzer sammelt oder erh\u00e4lt.<\/p>\n<p>Das Hauptziel von <strong>YEGUADA NADALES<\/strong> ist es, Produkte, Dienstleistungen und Initiativen vorzuschlagen, die dem Geschmack, den Kaufgewohnheiten und den Interessen der Nutzer und Kunden besser entsprechen.<\/p>\n<p>Personenbezogene Daten k\u00f6nnen auch f\u00fcr Remarketing-, Retargeting- oder Profiling-Zwecke verwendet werden, auch durch Dritte (z. B. soziale Netzwerke usw.).<\/p>\n<h5>2. COOKIE-POLITIK<\/h5>\n<p>Cookies werden verwendet, um die Pr\u00e4ferenzen und Einstellungen des Browsers des Nutzers zu speichern, um das Surfen effizienter und schneller zu machen und die Ladevorg\u00e4nge der Website bei einem zuk\u00fcnftigen Besuch zu beschleunigen. Dabei handelt es sich um eine kleine Textdatei mit Informationen, die im Browser des Ger\u00e4ts des Nutzers (Computer\/Tablet\/Smartphone) gespeichert werden, wenn dieser eine bestimmte Website besucht. Cookies werden auch verwendet, um Nutzer auf einer Website zu verfolgen. So l\u00e4sst sich erkennen, ob der Nutzer registriert ist, welche Produkte er besucht oder wie lange es dauert, bis der Nutzer uns wieder besucht.<\/p>\n<p>Unsere Website <a href=\"http:\/\/yeguadanadales.com\">yeguadanadales.com<\/a> verwendet zwei Arten von Cookies:<\/p>\n<h5>1. analytische Cookies:<\/h5>\n<p>Wenn ein Benutzer auf unserer Website mit Hilfe von Cookies surft, sammeln wir analytische Informationen in Form von Daten (v\u00f6llig anonym) \u00fcber das Surfen des Benutzers und seine Interaktion mit den verschiedenen von <strong>YEGUADA NADALES<\/strong> angebotenen Produkten.<\/p>\n<h5>2. Werbe-Cookies:<\/h5>\n<p>Die Funktion von Werbe-Cookies besteht darin, Benutzerinformationen zu sammeln, um ein (v\u00f6llig anonymes) Werbeprofil zu erstellen, damit wir Ihnen auf der Grundlage Ihrer Verhaltensmuster und Ihrer Interaktion mit unserer Website m\u00f6glichst interessante Werbung anbieten k\u00f6nnen.<\/p>\n<p>Liste der Unternehmen, die die von uns auf <a href=\"http:\/\/yeguadanadales.com\">yeguadanadales.com<\/a> gesammelten Cookies f\u00fcr Analyse- oder Werbezwecke verwenden:<\/p>\n<p>\n            <a href=\"https:\/\/www.activecampaign.com\/privacy-policy\/\">AktivKampagne<\/a>\n          <\/p>\n<p>\n            <a href=\"http:\/\/site.adform.com\/privacy-policy\/en\/\">Adform<\/a>\n          <\/p>\n<p>\n            <a href=\"https:\/\/support.google.com\/adwords\/answer\/2407785?hl=es\">Adwords<\/a>\n          <\/p>\n<p>\n            <a href=\"https:\/\/www.adrollgroup.com\/privacy-archived\">Adroll<\/a>\n          <\/p>\n<p>\n            <a href=\"https:\/\/www.facebook.com\/policies\/cookies\/\">Facebook<\/a>\n          <\/p>\n<p>\n            <a href=\"https:\/\/www.luckyorange.com\/privacy.php\">Gl\u00fccksorange<\/a>\n          <\/p>\n<p>\n            <a href=\"https:\/\/www.hotjar.com\/cookies\">hotjar<\/a>\n          <\/p>\n<h6>Akzeptanz von Cookies:<\/h6>\n<p>Wenn Sie unsere Cookie-Politik ausdr\u00fccklich akzeptieren oder wenn Sie sich entscheiden, auf unserer Website weiter zu surfen, gehen wir davon aus, dass Sie die Verwendung von Cookies f\u00fcr die oben beschriebenen Analyse- und Werbezwecke akzeptieren.<\/p>\n<p>Wenn Sie es hingegen vorziehen, diese nicht zu akzeptieren oder die Installation von Cookies zu blockieren, informieren wir Sie dar\u00fcber, dass Sie m\u00f6glicherweise nicht in der Lage sind, auf bestimmte von unserer Website angebotene Dienste normal zuzugreifen oder dass das Surfen verlangsamt werden kann.<\/p>\n<h6>Deaktivieren Sie Cookies:<\/h6>\n<p>Wenn Sie sich entscheiden, Cookies zu blockieren oder zu deaktivieren, m\u00fcssen Sie dies \u00fcber Ihre Browsereinstellungen auf Ihrem Computer, Smartphone oder Tablet tun. In der folgenden Liste finden Sie einen Link, unter dem Sie Anweisungen zur Deaktivierung von Cookies in jedem Browser finden:<\/p>\n<p>\n            <a href=\"http:\/\/goo.gl\/vFM6gb\">Internet Explorer<\/a>\n          <\/p>\n<p>\n            <a href=\"http:\/\/goo.gl\/QXWYmv\">Mozilla Firefox<\/a>\n          <\/p>\n<p>\n            <a href=\"http:\/\/goo.gl\/fQnkSB\">Google Chrome<\/a>\n          <\/p>\n<p>\n            <a href=\"https:\/\/goo.gl\/PCjEm3\">Safari<\/a>\n          <\/p>\n<p>\n            <a href=\"http:\/\/goo.gl\/61xevS\">IOS<\/a>\n          <\/p>\n<p>\n            <a href=\"http:\/\/goo.gl\/Rx8QQ\">Windows Phone<\/a>\n          <\/p>\n<p>\n            <a href=\"http:\/\/goo.gl\/XJp7N\">Chrome Mobil<\/a>\n          <\/p>\n<p>\n            <a href=\"http:\/\/goo.gl\/Nzr8s7\">Oper Mobil<\/a>\n          <\/p>\n<h5>3. VERWALTUNG UND VERWENDUNG PERSONENBEZOGENER DATEN<\/h5>\n<p>Im Rahmen der Verwendung der personenbezogenen Daten, die die Nutzer &#8222;the Web&#8220; zur Verf\u00fcgung stellen, kann es erforderlich sein  <strong>GEST\u00dcT NADALES<\/strong>  Die Nutzung externer digitaler Marketing-Tools, wie z. B. E-Mail-Marketing-Tools, an die relevante Informationen f\u00fcr die oben genannte Nutzung \u00fcbermittelt werden, und zwar nur und ausschlie\u00dflich f\u00fcr die direkte Nutzung in relevanten Aktionen f\u00fcr  <strong>GEST\u00dcT NADALES<\/strong>  d\u00fcrfen auf keinen Fall zugunsten Dritter verwendet werden.<\/p>\n<p>Zu diesem Zweck k\u00f6nnen die f\u00fcr die Verarbeitung Verantwortlichen personenbezogene Kundendaten zum Zweck der Gesch\u00e4ftsabwicklung an Drittanbieter weitergeben, die als &#8222;Datenverarbeiter&#8220; (die &#8222;Verarbeiter&#8220;) fungieren.<\/p>\n<p>Es liegt in der Verantwortung der f\u00fcr die Verarbeitung Verantwortlichen von <strong>YEGUADA NADALES<\/strong>, sicherzustellen und zu garantieren, dass alle Auftragsverarbeiter ihre besten Praktiken zum Schutz personenbezogener Daten anwenden und dass sie personenbezogene Daten nicht f\u00fcr andere als die mit den f\u00fcr die Verarbeitung Verantwortlichen vereinbarten Zwecke verwenden.<\/p>\n<p>Die Nutzer k\u00f6nnen eine aktualisierte Liste der Auftragsverarbeiter, die an der Verarbeitung personenbezogener Daten im Zusammenhang mit den Aktivit\u00e4ten der Website beteiligt sind, unter folgender Adresse anfordern: <a href=\"mailto:gemanadales@gmail.com\">gemanadales@gmail.com.<\/a><\/p>\n<p>Die f\u00fcr die Verarbeitung Verantwortlichen von <strong>YEGUADA NADALES<\/strong> behalten sich stets das Recht vor, personenbezogene Daten von Nutzern offenzulegen, wenn dies gesetzlich vorgeschrieben ist (z. B. als Reaktion auf Anfragen von Strafverfolgungsbeh\u00f6rden) oder wenn dies zum Schutz der Rechte der f\u00fcr die Verarbeitung Verantwortlichen oder ihrer verbundenen Unternehmen oder Dritter erforderlich ist. In allen anderen F\u00e4llen ist der Austausch personenbezogener Daten von der ausdr\u00fccklichen und vorherigen Zustimmung des Nutzers abh\u00e4ngig, es sei denn, die Verarbeitung ist aufgrund einer anderen Rechtsgrundlage zul\u00e4ssig. Die f\u00fcr die Verarbeitung Verantwortlichen werden keine personenbezogenen Daten au\u00dferhalb des Europ\u00e4ischen Wirtschaftsraums (EWR) \u00fcbermitteln, es sei denn, der Nutzer hat einer solchen \u00dcbermittlung ausdr\u00fccklich zugestimmt oder die \u00dcbermittlung personenbezogener Daten au\u00dferhalb des EWR ist nach der DSGVO auf einer anderen rechtm\u00e4\u00dfigen Grundlage zul\u00e4ssig.<\/p>\n<h5>4. VERARBEITUNGSMETHODEN UND SICHERHEITSMASSNAHMEN<\/h5>\n<p>Die f\u00fcr die Verarbeitung Verantwortlichen verarbeiten die personenbezogenen Daten der Nutzer mit Hilfe von computergest\u00fctzten, automatischen und elektronischen Instrumenten und, in begrenzten F\u00e4llen, mit Hilfe von Dokumenten. In \u00dcbereinstimmung mit der Datenschutz-Grundverordnung wurden spezielle Sicherheitsma\u00dfnahmen eingef\u00fchrt, um Datenverlust, illegale oder unangemessene Nutzung und unbefugten Zugriff zu verhindern.<\/p>\n<p>Nur befugte Mitarbeiter der f\u00fcr die Verarbeitung Verantwortlichen und befugte Mitarbeiter von Drittanbietern, die als Auftragsverarbeiter im Namen der f\u00fcr die Verarbeitung Verantwortlichen handeln, haben Zugang zu personenbezogenen Daten, die sich auf die Aktivit\u00e4ten der Website beziehen. Mit den Auftragsverarbeitern wurden Datenverarbeitungsvertr\u00e4ge abgeschlossen, um sicherzustellen, dass sie bei der Verarbeitung personenbezogener Daten im Zusammenhang mit den Aktivit\u00e4ten der Website stets das von der DSGVO geforderte Sicherheitsniveau einhalten.<\/p>\n<p>Die Website ergreift zwar prim\u00e4re Sicherheitsma\u00dfnahmen, um den Verlust, die Zerst\u00f6rung oder die Verbreitung personenbezogener Daten zu verhindern, kann aber gleichzeitig die Sicherheitsrisiken nicht ausschlie\u00dfen, die mit der Online-\u00dcbertragung von Daten naturgem\u00e4\u00df verbunden sind. Sie akzeptieren die Risiken, die mit der \u00dcbermittlung pers\u00f6nlicher Daten \u00fcber das Internet verbunden sind, und machen die Website nicht f\u00fcr eine Verletzung der Sicherheit verantwortlich, es sei denn, eine solche Verletzung ist auf Fahrl\u00e4ssigkeit oder vors\u00e4tzliche Unterlassung seitens der Website zur\u00fcckzuf\u00fchren.<\/p>\n<h5>5. SPEICHERUNG VON PERS\u00d6NLICHEN INFORMATIONEN<\/h5>\n<p>Die f\u00fcr die Verarbeitung Verantwortlichen speichern personenbezogene Daten so lange, wie dies erforderlich ist, um den Nutzern und Kunden die gew\u00fcnschten Dienstleistungen zu erbringen oder um gesetzlichen oder steuerlichen Verpflichtungen nachzukommen, oder f\u00fcr den gesetzlich vorgeschriebenen Mindestzeitraum.<\/p>\n<p>Bei der Festlegung der angemessenen Aufbewahrungsfrist f\u00fcr personenbezogene Daten werden die f\u00fcr die Verarbeitung Verantwortlichen mehrere Faktoren ber\u00fccksichtigen, um sicherzustellen, dass personenbezogene Daten nicht l\u00e4nger als notwendig oder angemessen gespeichert werden. Diese Kriterien m\u00fcssen auch Folgendes umfassen:<\/p>\n<ul>\n<li>Der Zweck, zu dem die Website personenbezogene Daten enth\u00e4lt.<\/li>\n<li>Rechtliche, steuerliche und regulatorische Verpflichtungen in Bezug auf diese personenbezogenen Daten.<\/li>\n<li>Die Art der laufenden Beziehung mit dem betreffenden Nutzer oder Kunden (wie oft sich der Nutzer in sein Konto auf der Website einloggt, ob er weiterhin Marketingmitteilungen erh\u00e4lt, wie oft er auf der Website surft oder einkauft usw.).<\/li>\n<li>Jede spezifische Anfrage eines Nutzers in Bezug auf die L\u00f6schung personenbezogener Daten.<\/li>\n<li>Berechtigte gesch\u00e4ftliche Interessen.<\/li>\n<\/ul>\n<p>Die Website wird personenbezogene Daten, die nicht mehr ben\u00f6tigt oder gem\u00e4\u00df den gesetzlichen Bestimmungen aufbewahrt werden, unverz\u00fcglich l\u00f6schen oder anonymisieren.<\/p>\n<h5>6. VERLINKUNG ZU WEBSITES ODER PLATTFORMEN DRITTER<\/h5>\n<p>Die Website kann Banner, Werbebotschaften und andere Links zu Websites oder Plattformen von Dritten enthalten. Die f\u00fcr die Verarbeitung Verantwortlichen k\u00f6nnen das Verhalten solcher Websites oder Plattformen Dritter im Hinblick auf das Datenschutzrecht weder kontrollieren noch daf\u00fcr verantwortlich sein. Den Nutzern wird empfohlen, die Datenschutzrichtlinien zu lesen, um sich zu vergewissern, wie sie personenbezogene Daten sammeln und verarbeiten.<\/p>\n<h5>7. RECHTE DER BENUTZER<\/h5>\n<p>Die Nutzer haben das Recht, eine Best\u00e4tigung zu erhalten, wenn die f\u00fcr die Verarbeitung Verantwortlichen personenbezogene Daten \u00fcber sie gespeichert haben. In diesem Fall k\u00f6nnen die Nutzer gem\u00e4\u00df der Datenschutz-Grundverordnung:<\/p>\n<ul>\n<li>Informieren Sie sich \u00fcber die Erfassung und Verwendung Ihrer pers\u00f6nlichen Daten.<\/li>\n<li>Sie k\u00f6nnen kostenlos auf Ihre pers\u00f6nlichen Daten zugreifen.<\/li>\n<li>Berichtigung oder Vervollst\u00e4ndigung unzutreffender personenbezogener Daten (wenn diese unvollst\u00e4ndig sind).<\/li>\n<li>L\u00f6schung personenbezogener Daten (&#8222;Recht auf Vergessenwerden&#8220;).<\/li>\n<li>unter bestimmten Voraussetzungen die Einschr\u00e4nkung oder L\u00f6schung Ihrer personenbezogenen Daten zu erwirken.<\/li>\n<li>Ihre personenbezogenen Daten f\u00fcr eigene Zwecke in verschiedenen Diensten zu erhalten und wiederzuverwenden, wenn die Verarbeitung auf einem Vertrag oder einer Einwilligung beruht und die Verarbeitung mit automatisierten Mitteln erfolgt (&#8222;Recht auf Daten\u00fcbertragbarkeit&#8220;).<\/li>\n<li>unter bestimmten Bedingungen Widerspruch gegen die Verarbeitung Ihrer personenbezogenen Daten einlegen.<\/li>\n<li>Sie k\u00f6nnen jederzeit der Verwendung personenbezogener Daten zum Zwecke der Profilerstellung oder der automatisierten Entscheidungsfindung widersprechen.<\/li>\n<li>Das Recht, bei der zust\u00e4ndigen Aufsichtsbeh\u00f6rde Beschwerde gegen die Erhebung und Verarbeitung personenbezogener Daten einzulegen.<\/li>\n<li>Das Recht, die Zustimmung zur Verarbeitung personenbezogener Daten jederzeit zu widerrufen.<\/li>\n<\/ul>\n<p>Die Nutzer k\u00f6nnen die Website bei Fragen und zur Aus\u00fcbung ihrer Datenschutzrechte unter folgender E-Mail-Adresse kontaktieren: <a href=\"mailto:gemanadales@gmail.com\">gemanadales@gmail.com.<\/a><\/p>\n<h5>8. \u00c4NDERUNGEN AN DIESER DATENSCHUTZRICHTLINIE<\/h5>\n<p>K\u00fcnftige \u00c4nderungen dieser Datenschutzrichtlinie werden auf der Website ver\u00f6ffentlicht und den Nutzern gegebenenfalls per E-Mail mitgeteilt. Die Benutzer werden aufgefordert, diese Datenschutzrichtlinie regelm\u00e4\u00dfig auf Aktualisierungen oder \u00c4nderungen zu \u00fcberpr\u00fcfen.<\/p>\n\t\t\t\t\t\t\t\t<\/div>\n\t\t\t\t<\/div>\n\t\t\t\t\t<\/div>\n\t\t<\/div>\n\t\t\t\t\t<\/div>\n\t\t<\/section>\n\t\t\t\t<\/div>\n\t\t","protected":false},"excerpt":{"rendered":"<p>Die hier dargelegten Bedingungen der DATENSCHUTZPOLITIK bieten den Nutzern der Website(www.yeguadanadales.com) (im Folgenden &#8222;die Website&#8220;) in klarer und ausf\u00fchrlicher Weise Informationen \u00fcber die Verarbeitung der von jedem Nutzer erhobenen Daten&hellip;<\/p>\n","protected":false},"author":1,"featured_media":0,"parent":0,"menu_order":0,"comment_status":"closed","ping_status":"closed","template":"","meta":{"footnotes":""},"class_list":["post-21544","page","type-page","status-publish","hentry"],"_links":{"self":[{"href":"https:\/\/www.yeguadanadales.com\/de\/wp-json\/wp\/v2\/pages\/21544","targetHints":{"allow":["GET"]}}],"collection":[{"href":"https:\/\/www.yeguadanadales.com\/de\/wp-json\/wp\/v2\/pages"}],"about":[{"href":"https:\/\/www.yeguadanadales.com\/de\/wp-json\/wp\/v2\/types\/page"}],"author":[{"embeddable":true,"href":"https:\/\/www.yeguadanadales.com\/de\/wp-json\/wp\/v2\/users\/1"}],"replies":[{"embeddable":true,"href":"https:\/\/www.yeguadanadales.com\/de\/wp-json\/wp\/v2\/comments?post=21544"}],"version-history":[{"count":2,"href":"https:\/\/www.yeguadanadales.com\/de\/wp-json\/wp\/v2\/pages\/21544\/revisions"}],"predecessor-version":[{"id":21685,"href":"https:\/\/www.yeguadanadales.com\/de\/wp-json\/wp\/v2\/pages\/21544\/revisions\/21685"}],"wp:attachment":[{"href":"https:\/\/www.yeguadanadales.com\/de\/wp-json\/wp\/v2\/media?parent=21544"}],"curies":[{"name":"wp","href":"https:\/\/api.w.org\/{rel}","templated":true}]}}