{"id":21534,"date":"2023-02-15T09:18:25","date_gmt":"2023-02-15T09:18:25","guid":{"rendered":"https:\/\/www.yeguadanadales.com\/declaration-daccessibilite\/"},"modified":"2023-02-15T09:44:30","modified_gmt":"2023-02-15T09:44:30","slug":"declaration-daccessibilite","status":"publish","type":"page","link":"https:\/\/www.yeguadanadales.com\/fr\/declaration-daccessibilite\/","title":{"rendered":"D\u00e9claration d&rsquo;accessibilit\u00e9"},"content":{"rendered":"\t\t<div data-elementor-type=\"wp-page\" data-elementor-id=\"21534\" class=\"elementor elementor-21534 elementor-21503\">\n\t\t\t\t\t\t<section class=\"elementor-section elementor-top-section elementor-element elementor-element-95251fc elementor-section-boxed elementor-section-height-default elementor-section-height-default sc_fly_static\" data-id=\"95251fc\" data-element_type=\"section\" data-e-type=\"section\">\n\t\t\t\t\t\t<div class=\"elementor-container elementor-column-gap-extended\">\n\t\t\t\t\t<div class=\"elementor-column elementor-col-100 elementor-top-column elementor-element elementor-element-f5680f5 sc_inner_width_none sc_content_align_inherit sc_layouts_column_icons_position_left sc_fly_static\" data-id=\"f5680f5\" data-element_type=\"column\" data-e-type=\"column\">\n\t\t\t<div class=\"elementor-widget-wrap elementor-element-populated\">\n\t\t\t\t\t\t<div class=\"elementor-element elementor-element-66d5bab sc_fly_static elementor-widget elementor-widget-text-editor\" data-id=\"66d5bab\" data-element_type=\"widget\" data-e-type=\"widget\" data-widget_type=\"text-editor.default\">\n\t\t\t\t<div class=\"elementor-widget-container\">\n\t\t\t\t\t\t\t\t\t<p><strong>HARAS DE NADALES<\/strong>  s&rsquo;engage \u00e0 rendre ses sites web accessibles, conform\u00e9ment \u00e0 la politique de l&rsquo;UE en mati\u00e8re d&rsquo;accessibilit\u00e9.  <a href=\"https:\/\/www.boe.es\/buscar\/act.php?id=BOE-A-2018-12699\">D\u00e9cret royal 1112\/2018<\/a>du 7 septembre sur l&rsquo;accessibilit\u00e9 des sites web et des applications pour les dispositifs mobiles, qui transpose dans l&rsquo;ordre juridique espagnol la directive sur l&rsquo;accessibilit\u00e9 des sites web et des applications pour les dispositifs mobiles.  <a href=\"https:\/\/eur-lex.europa.eu\/legal-content\/ES\/TXT\/?uri=uriserv:OJ.L_.2016.327.01.0001.01.SPA&amp;toc=OJ:L:2016:327:FULL\">Directive (UE) 2016\/2102 du Parlement europ\u00e9en et du Conseil.<\/a>.<\/p>\n<p>Cette d\u00e9claration d&rsquo;accessibilit\u00e9 s&rsquo;applique au site web <a href=\"http:\/\/yeguadanadales.com\">www.yeguadanadales.com.<\/a><\/p>\n<h5>Statut de conformit\u00e9<\/h5>\n<p>Ce site web est <strong>enti\u00e8rement conforme<\/strong> au <a href=\"https:\/\/www.boe.es\/diario_boe\/txt.php?id=BOE-A-2018-12699\">RD 1112\/2018<\/a> en raison des exceptions et de la non-conformit\u00e9 des aspects \u00e9num\u00e9r\u00e9s ci-dessous.<\/p>\n<h5>Contenu non accessible<\/h5>\n<p>Le contenu ci-dessous n&rsquo;est pas accessible pour les raisons suivantes :<\/p>\n<h6>Non-conformit\u00e9 avec le RD 1112\/2018 :<\/h6>\n<ul>\n<li>En raison de l&rsquo;automatisation de certaines publications, il se peut que certaines pages pr\u00e9sentent une imbrication incorrecte des balises HTML.<\/li>\n<li>Il existe des documents au format PDF qui ne sont pas conformes aux normes, dont certains ont une alternative textuelle en HTML qui est conforme aux normes.<\/li>\n<li>Il peut y avoir des erreurs d&rsquo;\u00e9dition occasionnelles sur certaines pages web.<\/li>\n<\/ul>\n<h6>Charge disproportionn\u00e9e :<\/h6>\n<ul>\n<li>Non applicable.<\/li>\n<\/ul>\n<h6>Contenu hors du champ d&rsquo;application de la l\u00e9gislation applicable<\/h6>\n<ul>\n<li>Les fichiers Office en PDF ou dans d&rsquo;autres formats, ainsi que les demandes publi\u00e9es avant le 20 septembre 2018 qui ne sont pas enti\u00e8rement conformes \u00e0 toutes les exigences en mati\u00e8re d&rsquo;accessibilit\u00e9.<\/li>\n<li>Services de cartographie et de cartographie en ligne.<\/li>\n<\/ul>\n<h5>Pr\u00e9paration de la pr\u00e9sente d\u00e9claration d&rsquo;accessibilit\u00e9<\/h5>\n<p>Cette d\u00e9claration a \u00e9t\u00e9 pr\u00e9par\u00e9e le 28 octobre 2019 et est bas\u00e9e sur les rapports d&rsquo;accessibilit\u00e9 du Web de l&rsquo;<a href=\"https:\/\/administracionelectronica.gob.es\/pae_Home\/pae_Estrategias\/pae_Accesibilidad.html\">Observatoire de l&rsquo;accessibilit\u00e9<\/a>.<\/p>\n<p>La date de la derni\u00e8re r\u00e9vision \u00e9tait le 29 septembre 2020.<\/p>\n<h5>Remarques et coordonn\u00e9es<\/h5>\n<p>Vous pouvez faire des <strong>communications<\/strong> sur les exigences d&rsquo;accessibilit\u00e9 (article 10.2 du RD 1112\/2018) telles que :<\/p>\n<ul>\n<li>Signaler tout non-respect \u00e9ventuel de ce site web<\/li>\n<li>Transmettre d&rsquo;autres <strong>difficult\u00e9s d&rsquo;acc\u00e8s au<\/strong> contenu<\/li>\n<li>Pour toute autre <strong>question ou suggestion d&rsquo;am\u00e9lioration<\/strong> concernant l&rsquo;accessibilit\u00e9 du site web via le <a href=\"https:\/\/admfincasmjerez.com\/contactar\/\">formulaire de contact<\/a> de ce site web.<\/li>\n<\/ul>\n<p>Les communications seront re\u00e7ues et trait\u00e9es par <strong>YEGUADA NADALES<\/strong>.<\/p>\n<h5>Proc\u00e9dure de demande<\/h5>\n<p>Une proc\u00e9dure d&rsquo;ex\u00e9cution ad\u00e9quate et efficace sera mise en place et devra \u00eatre utilis\u00e9e en cas de r\u00e9ponse insatisfaisante \u00e0 la communication ou \u00e0 la demande.<\/p>\n<h5>Contenu facultatif<\/h5>\n<p>Ce site web :<\/p>\n<ul>\n<li>Il a \u00e9t\u00e9 con\u00e7u conform\u00e9ment aux normes et r\u00e9glementations en vigueur en mati\u00e8re d&rsquo;accessibilit\u00e9, en respectant les points de contr\u00f4le de la priorit\u00e9 2 (AA) d\u00e9finis dans la sp\u00e9cification des directives d&rsquo;accessibilit\u00e9 aux contenus Web (WCAG 2.1).<\/li>\n<li>Conforme aux exigences de la <a href=\"https:\/\/administracionelectronica.gob.es\/pae_Home\/dam\/jcr:2352eaaf-2ee8-4501-a67b-bb682c6de934\/Norma_UNE-EN_301549.pdf\">norme UNE-EN 301549 v1.1.2:2015<\/a>, en tenant compte des exceptions du d\u00e9cret royal 1112\/2018.<\/li>\n<li>Il est con\u00e7u pour un affichage correct sur les ordinateurs de bureau, les tablettes et les appareils mobiles pour une r\u00e9solution minimale de 1280&#215;1024.<\/li>\n<li>Il a \u00e9t\u00e9 r\u00e9alis\u00e9 en utilisant le langage de balisage HTML5 et les feuilles de style CSS 3 pour sa conception.<\/li>\n<li>Il est con\u00e7u pour \u00eatre utilis\u00e9 avec du JavaScript non intrusif et offre, au cas o\u00f9 votre navigateur ne le prendrait pas en charge, une alternative non JavaScript correspondante.<\/li>\n<\/ul>\n\t\t\t\t\t\t\t\t<\/div>\n\t\t\t\t<\/div>\n\t\t\t\t\t<\/div>\n\t\t<\/div>\n\t\t\t\t\t<\/div>\n\t\t<\/section>\n\t\t\t\t<\/div>\n\t\t","protected":false},"excerpt":{"rendered":"<p>HARAS DE NADALES s&rsquo;engage \u00e0 rendre ses sites web accessibles, conform\u00e9ment \u00e0 la politique de l&rsquo;UE en mati\u00e8re d&rsquo;accessibilit\u00e9. D\u00e9cret royal 1112\/2018du 7 septembre sur l&rsquo;accessibilit\u00e9 des sites web et&hellip;<\/p>\n","protected":false},"author":1,"featured_media":0,"parent":0,"menu_order":0,"comment_status":"closed","ping_status":"closed","template":"","meta":{"footnotes":""},"class_list":["post-21534","page","type-page","status-publish","hentry"],"_links":{"self":[{"href":"https:\/\/www.yeguadanadales.com\/fr\/wp-json\/wp\/v2\/pages\/21534","targetHints":{"allow":["GET"]}}],"collection":[{"href":"https:\/\/www.yeguadanadales.com\/fr\/wp-json\/wp\/v2\/pages"}],"about":[{"href":"https:\/\/www.yeguadanadales.com\/fr\/wp-json\/wp\/v2\/types\/page"}],"author":[{"embeddable":true,"href":"https:\/\/www.yeguadanadales.com\/fr\/wp-json\/wp\/v2\/users\/1"}],"replies":[{"embeddable":true,"href":"https:\/\/www.yeguadanadales.com\/fr\/wp-json\/wp\/v2\/comments?post=21534"}],"version-history":[{"count":1,"href":"https:\/\/www.yeguadanadales.com\/fr\/wp-json\/wp\/v2\/pages\/21534\/revisions"}],"predecessor-version":[{"id":21535,"href":"https:\/\/www.yeguadanadales.com\/fr\/wp-json\/wp\/v2\/pages\/21534\/revisions\/21535"}],"wp:attachment":[{"href":"https:\/\/www.yeguadanadales.com\/fr\/wp-json\/wp\/v2\/media?parent=21534"}],"curies":[{"name":"wp","href":"https:\/\/api.w.org\/{rel}","templated":true}]}}