{"id":21536,"date":"2020-08-27T08:23:10","date_gmt":"2020-08-27T08:23:10","guid":{"rendered":"https:\/\/www.yeguadanadales.com\/avis-juridique\/"},"modified":"2023-02-15T11:08:47","modified_gmt":"2023-02-15T11:08:47","slug":"avis-juridique","status":"publish","type":"page","link":"https:\/\/www.yeguadanadales.com\/fr\/avis-juridique\/","title":{"rendered":"Avis juridique"},"content":{"rendered":"\t\t<div data-elementor-type=\"wp-page\" data-elementor-id=\"21536\" class=\"elementor elementor-21536 elementor-12954\">\n\t\t\t\t\t\t<section class=\"elementor-section elementor-top-section elementor-element elementor-element-a2ec18c elementor-section-boxed elementor-section-height-default elementor-section-height-default sc_fly_static\" data-id=\"a2ec18c\" data-element_type=\"section\" data-e-type=\"section\" data-settings=\"{&quot;background_background&quot;:&quot;classic&quot;}\">\n\t\t\t\t\t\t<div class=\"elementor-container elementor-column-gap-extended\">\n\t\t\t\t\t<div class=\"elementor-column elementor-col-100 elementor-top-column elementor-element elementor-element-e4f67bc sc_inner_width_none sc_content_align_inherit sc_layouts_column_icons_position_left sc_fly_static\" data-id=\"e4f67bc\" data-element_type=\"column\" data-e-type=\"column\">\n\t\t\t<div class=\"elementor-widget-wrap elementor-element-populated\">\n\t\t\t\t\t\t<div class=\"elementor-element elementor-element-fc87c00 sc_fly_static elementor-widget elementor-widget-text-editor\" data-id=\"fc87c00\" data-element_type=\"widget\" data-e-type=\"widget\" data-widget_type=\"text-editor.default\">\n\t\t\t\t<div class=\"elementor-widget-container\">\n\t\t\t\t\t\t\t\t\t<h5>DONN\u00c9ES D&rsquo;IDENTIFICATION<\/h5>\n<p>Conform\u00e9ment \u00e0 l&rsquo;obligation d&rsquo;information contenue dans l&rsquo;article 10 de la loi 34\/2002, du 11 juillet, sur les services de la soci\u00e9t\u00e9 de l&rsquo;information et le commerce \u00e9lectronique, les informations suivantes sont refl\u00e9t\u00e9es ci-dessous : la soci\u00e9t\u00e9 propri\u00e9taire du domaine web est  <strong>JUAN PEDRO NADALES EST\u00c9BANEZ<\/strong>  (ci-apr\u00e8s  <strong>HARAS DE NADALES<\/strong>), dont le si\u00e8ge social \u00e0 ces fins est situ\u00e9 \u00e0 Campanillas, Malaga<strong>,  <\/strong>avec DNI: 33381704X. E-mail de contact du site web: <a href=\"mailto:gemanadales@gmail.com\">gemanadales@gmail.com<\/a>.<\/p>\n<h5>UTILISATEURS<\/h5>\n<p>L&rsquo;acc\u00e8s et\/ou l&rsquo;utilisation de ce portail <strong>YEGUADA NADALES<\/strong> attribue la condition d&rsquo;UTILISATEUR, qui accepte, depuis ledit acc\u00e8s et\/ou utilisation, les Conditions G\u00e9n\u00e9rales d&rsquo;Utilisation refl\u00e9t\u00e9es ici. Les conditions susmentionn\u00e9es s&rsquo;appliquent ind\u00e9pendamment des conditions g\u00e9n\u00e9rales de vente qui, le cas \u00e9ch\u00e9ant, sont obligatoires.<\/p>\n<h5>CONDITIONS G\u00c9N\u00c9RALES D&rsquo;UTILISATION<\/h5>\n<p><a href=\"http:\/\/yeguadanadales.com\">www.yeguadanadales.com<\/a> permet d&rsquo;acc\u00e9der \u00e0 une multitude d&rsquo;informations, de services, de programmes ou de donn\u00e9es (ci-apr\u00e8s, \u00ab\u00a0les contenus\u00a0\u00bb) sur Internet appartenant \u00e0 <strong>YEGUADA NADALES<\/strong> ou \u00e0 ses conc\u00e9dants et auxquels l&rsquo;UTILISATEUR peut avoir acc\u00e8s. L&rsquo;UTILISATEUR assume la responsabilit\u00e9 de l&rsquo;utilisation du portail. Cette responsabilit\u00e9 s&rsquo;\u00e9tend \u00e0 tout enregistrement qui pourrait \u00eatre n\u00e9cessaire pour acc\u00e9der \u00e0 certains services ou contenus.<\/p>\n<p>L&rsquo;UTILISATEUR est responsable de la fourniture d&rsquo;informations v\u00e9ridiques et l\u00e9gales lors de son inscription. En cons\u00e9quence de cet enregistrement, l&rsquo;UTILISATEUR pourra recevoir un mot de passe dont il sera responsable, s&rsquo;engageant \u00e0 l&rsquo;utiliser de mani\u00e8re diligente et confidentielle. L&rsquo;UTILISATEUR s&rsquo;engage \u00e0 faire un usage appropri\u00e9 des contenus et services (tels que les services de chat, les forums de discussion ou les groupes de nouvelles) que <strong>YEGUADA NADALES<\/strong>  offre par le biais de son portail, y compris, mais sans s&rsquo;y limiter, de ne pas les utiliser pour (1) se livrer \u00e0 des activit\u00e9s illicites, ill\u00e9gales ou contraires \u00e0 la bonne foi et \u00e0 l&rsquo;ordre public ; (2) diffuser des contenus ou de la propagande \u00e0 caract\u00e8re raciste, x\u00e9nophobe, pornographique-ill\u00e9gal, soutenant le terrorisme ou violant les droits de l&rsquo;homme ; (3) causer des dommages aux syst\u00e8mes physiques et logiques de  <strong>HARAS DE NADALES<\/strong>(3) d&rsquo;utiliser les services de ses fournisseurs ou de tiers, d&rsquo;introduire ou de diffuser des virus informatiques ou tout autre syst\u00e8me physique ou logique pouvant causer les dommages susmentionn\u00e9s ; (4) de tenter d&rsquo;acc\u00e9der et, le cas \u00e9ch\u00e9ant, d&rsquo;utiliser les comptes de courrier \u00e9lectronique d&rsquo;autres utilisateurs et de modifier ou manipuler leurs messages.  <strong>HARAS DE NADALES<\/strong>  se r\u00e9serve le droit de supprimer tous les commentaires et contributions qui violent le respect de la dignit\u00e9 de la personne, qui sont discriminatoires, x\u00e9nophobes, racistes, pornographiques, qui portent atteinte \u00e0 la jeunesse ou \u00e0 l&rsquo;enfance, \u00e0 l&rsquo;ordre ou \u00e0 la s\u00e9curit\u00e9 publics ou qui, \u00e0 son avis, ne sont pas appropri\u00e9s \u00e0 la publication. En tout cas, <strong>YEGUADA NADALES<\/strong> ne sera pas responsable des opinions exprim\u00e9es par les utilisateurs \u00e0 travers les forums, chats ou autres outils de participation.<\/p>\n<h5>PROPRI\u00c9T\u00c9 INTELLECTUELLE ET INDUSTRIELLE<\/h5>\n<p><strong>HARAS DE NADALES<\/strong>  par lui-m\u00eame ou en tant que cessionnaire, est propri\u00e9taire de tous les droits de propri\u00e9t\u00e9 intellectuelle et industrielle de son site web, ainsi que des \u00e9l\u00e9ments qui y sont contenus (y compris, mais sans s&rsquo;y limiter, les images, le son, l&rsquo;audio, la vid\u00e9o, les logiciels ou les textes ; les marques ou les logos, les combinaisons de couleurs, la structure et le design, la s\u00e9lection des mat\u00e9riaux utilis\u00e9s, les programmes informatiques n\u00e9cessaires \u00e0 son fonctionnement, son acc\u00e8s et son utilisation, etc.  <strong>YEGUADA NADALES<\/strong> ou ses conc\u00e9dants de licence.<\/p>\n<p>Tous droits r\u00e9serv\u00e9s. Conform\u00e9ment aux dispositions des articles 8 et 32.1, deuxi\u00e8me alin\u00e9a, de la loi sur la propri\u00e9t\u00e9 intellectuelle, la reproduction, la distribution et la communication publique, y compris la mise \u00e0 disposition, de tout ou partie du contenu de ce site web, \u00e0 des fins commerciales, sur tout support et par tout moyen technique, sont express\u00e9ment interdites, sans l&rsquo;autorisation de  <strong>HARAS DE NADALES<\/strong>. L&rsquo;UTILISATEUR s&rsquo;engage \u00e0 respecter les droits de propri\u00e9t\u00e9 intellectuelle et industrielle appartenant \u00e0 <strong>YEGUADA NADALES<\/strong>. Vous pouvez visualiser les \u00e9l\u00e9ments du portail et m\u00eame les imprimer, les copier et les stocker sur le disque dur de votre ordinateur ou sur tout autre support physique, \u00e0 condition que ce soit uniquement et exclusivement pour votre usage personnel et priv\u00e9. L&rsquo;UTILISATEUR s&rsquo;abstiendra de supprimer, alt\u00e9rer, \u00e9luder ou manipuler tout dispositif de protection ou syst\u00e8me de s\u00e9curit\u00e9 install\u00e9 sur les pages de <strong>YEGUADA NADALES<\/strong>.<\/p>\n<h5>EXCLUSION DES GARANTIES ET DE LA RESPONSABILIT\u00c9<\/h5>\n<p><strong>HARAS DE NADALES<\/strong>  ne sera en aucun cas responsable des dommages de toute nature pouvant \u00eatre caus\u00e9s par, mais sans s&rsquo;y limiter : des erreurs ou des omissions dans le contenu, le manque de disponibilit\u00e9 du portail ou la transmission de virus ou de programmes malveillants ou nuisibles dans le contenu, bien qu&rsquo;ayant adopt\u00e9 toutes les mesures technologiques n\u00e9cessaires pour l&rsquo;\u00e9viter.<\/p>\n<h5>MODIFICATIONS<\/h5>\n<p><strong>HARAS DE NADALES<\/strong>  se r\u00e9serve le droit d&rsquo;apporter \u00e0 son portail les modifications qu&rsquo;elle jugera opportunes sans pr\u00e9avis, et pourra changer, supprimer ou ajouter aussi bien les contenus et services fournis par ce dernier que la mani\u00e8re dont ils sont pr\u00e9sent\u00e9s ou localis\u00e9s sur son portail.<\/p>\n<h5>LIENS<\/h5>\n<p>Dans le cas o\u00f9 <a href=\"http:\/\/www.yeguadanadales.com\">www.yeguadanadales.com<\/a> contiendrait des liens ou des hyperliens vers d&rsquo;autres sites Internet, <strong>YEGUADA NADALES<\/strong> n&rsquo;exercera aucun type de contr\u00f4le sur lesdits sites et contenus. <strong>YEGUADA NADALES<\/strong> n&rsquo;assume en aucun cas la responsabilit\u00e9 du contenu de tout lien appartenant \u00e0 un site web externe, ni ne garantit la disponibilit\u00e9 technique, la qualit\u00e9, la fiabilit\u00e9, l&rsquo;exactitude, l&rsquo;exhaustivit\u00e9, la v\u00e9racit\u00e9, la validit\u00e9 et la constitutionnalit\u00e9 de tout mat\u00e9riel ou information contenu dans l&rsquo;un de ces hyperliens ou autres sites Internet. De m\u00eame, l&rsquo;inclusion de ces connexions externes n&rsquo;implique aucun type d&rsquo;association, de fusion ou de participation avec les entit\u00e9s connect\u00e9es.<\/p>\n<h5>DROIT D&rsquo;EXCLUSION<\/h5>\n<p><strong>YEGUADA NADALES<\/strong> se r\u00e9serve le droit de refuser ou de retirer l&rsquo;acc\u00e8s au portail et\/ou aux services offerts sans pr\u00e9avis, \u00e0 sa propre demande ou \u00e0 la demande d&rsquo;un tiers, aux utilisateurs qui ne respectent pas les pr\u00e9sentes conditions g\u00e9n\u00e9rales d&rsquo;utilisation.<\/p>\n<h5>G\u00c9N\u00c9RALIT\u00c9S<\/h5>\n<p><strong>YEGUADA NADALES<\/strong> poursuivra la violation de ces conditions ainsi que l&rsquo;utilisation abusive de son portail, en exer\u00e7ant toutes les actions civiles et p\u00e9nales qui peuvent lui correspondre par la loi.<\/p>\n<h5>MODIFICATION DE CES CONDITIONS ET DE CETTE DUR\u00c9E<\/h5>\n<p><strong>YEGUADA NADALES<\/strong> pourra modifier \u00e0 tout moment les conditions d\u00e9termin\u00e9es ici, \u00e9tant d\u00fbment publi\u00e9es telles qu&rsquo;elles apparaissent ici. La validit\u00e9 de ces conditions d\u00e9pend de leur affichage et reste en vigueur jusqu&rsquo;\u00e0 ce qu&rsquo;elles soient d\u00fbment publi\u00e9es. pour \u00eatre modifi\u00e9 par d&rsquo;autres.<\/p>\n<h5>APPLICABLE LAW AND JURISDICTION<\/h5>\n<p>La relation entre <strong>YEGUADA NADALES<\/strong> et l&rsquo;UTILISATEUR sera r\u00e9gie par la l\u00e9gislation espagnole en vigueur et tout litige sera soumis aux Cours et Tribunaux de la ville de Cordoue.<\/p>\n<p>reste en vigueur jusqu&rsquo;\u00e0 ce qu&rsquo;il soit d\u00fbment publi\u00e9. pour \u00eatre modifi\u00e9 par d&rsquo;autres.<\/p>\n<h5>IMAGES DU PRODUIT<\/h5>\n<p>Toutes les images de produits pr\u00e9sent\u00e9es sur notre site web sont uniquement destin\u00e9es \u00e0 des fins d&rsquo;illustration. La conception du produit, les logos, la typographie ou les couleurs peuvent \u00eatre modifi\u00e9s sans pr\u00e9avis par le fabricant.<\/p>\n\t\t\t\t\t\t\t\t<\/div>\n\t\t\t\t<\/div>\n\t\t\t\t\t<\/div>\n\t\t<\/div>\n\t\t\t\t\t<\/div>\n\t\t<\/section>\n\t\t\t\t<\/div>\n\t\t","protected":false},"excerpt":{"rendered":"<p>DONN\u00c9ES D&rsquo;IDENTIFICATION Conform\u00e9ment \u00e0 l&rsquo;obligation d&rsquo;information contenue dans l&rsquo;article 10 de la loi 34\/2002, du 11 juillet, sur les services de la soci\u00e9t\u00e9 de l&rsquo;information et le commerce \u00e9lectronique, les&hellip;<\/p>\n","protected":false},"author":1,"featured_media":0,"parent":0,"menu_order":0,"comment_status":"closed","ping_status":"closed","template":"","meta":{"footnotes":""},"class_list":["post-21536","page","type-page","status-publish","hentry"],"_links":{"self":[{"href":"https:\/\/www.yeguadanadales.com\/fr\/wp-json\/wp\/v2\/pages\/21536","targetHints":{"allow":["GET"]}}],"collection":[{"href":"https:\/\/www.yeguadanadales.com\/fr\/wp-json\/wp\/v2\/pages"}],"about":[{"href":"https:\/\/www.yeguadanadales.com\/fr\/wp-json\/wp\/v2\/types\/page"}],"author":[{"embeddable":true,"href":"https:\/\/www.yeguadanadales.com\/fr\/wp-json\/wp\/v2\/users\/1"}],"replies":[{"embeddable":true,"href":"https:\/\/www.yeguadanadales.com\/fr\/wp-json\/wp\/v2\/comments?post=21536"}],"version-history":[{"count":4,"href":"https:\/\/www.yeguadanadales.com\/fr\/wp-json\/wp\/v2\/pages\/21536\/revisions"}],"predecessor-version":[{"id":21684,"href":"https:\/\/www.yeguadanadales.com\/fr\/wp-json\/wp\/v2\/pages\/21536\/revisions\/21684"}],"wp:attachment":[{"href":"https:\/\/www.yeguadanadales.com\/fr\/wp-json\/wp\/v2\/media?parent=21536"}],"curies":[{"name":"wp","href":"https:\/\/api.w.org\/{rel}","templated":true}]}}