{"id":21542,"date":"2023-02-15T09:17:23","date_gmt":"2023-02-15T09:17:23","guid":{"rendered":"https:\/\/www.yeguadanadales.com\/politique-de-confidentialite-et-cookies\/"},"modified":"2023-02-15T11:09:50","modified_gmt":"2023-02-15T11:09:50","slug":"politique-de-confidentialite-et-cookies","status":"publish","type":"page","link":"https:\/\/www.yeguadanadales.com\/fr\/politique-de-confidentialite-et-cookies\/","title":{"rendered":"Politique de confidentialit\u00e9 et cookies"},"content":{"rendered":"\t\t<div data-elementor-type=\"wp-page\" data-elementor-id=\"21542\" class=\"elementor elementor-21542 elementor-21497\">\n\t\t\t\t\t\t<section class=\"elementor-section elementor-top-section elementor-element elementor-element-7eaf6a6 elementor-section-boxed elementor-section-height-default elementor-section-height-default sc_fly_static\" data-id=\"7eaf6a6\" data-element_type=\"section\" data-e-type=\"section\">\n\t\t\t\t\t\t<div class=\"elementor-container elementor-column-gap-extended\">\n\t\t\t\t\t<div class=\"elementor-column elementor-col-100 elementor-top-column elementor-element elementor-element-b20e1ac sc_inner_width_none sc_content_align_inherit sc_layouts_column_icons_position_left sc_fly_static\" data-id=\"b20e1ac\" data-element_type=\"column\" data-e-type=\"column\">\n\t\t\t<div class=\"elementor-widget-wrap elementor-element-populated\">\n\t\t\t\t\t\t<div class=\"elementor-element elementor-element-676982f sc_fly_static elementor-widget elementor-widget-text-editor\" data-id=\"676982f\" data-element_type=\"widget\" data-e-type=\"widget\" data-widget_type=\"text-editor.default\">\n\t\t\t\t<div class=\"elementor-widget-container\">\n\t\t\t\t\t\t\t\t\t<p>Les conditions de la <strong>POLITIQUE DE CONFIDENTIALIT\u00c9<\/strong> \u00e9nonc\u00e9es dans le pr\u00e9sent document fournissent aux utilisateurs du site web (<a href=\"http:\/\/www.yeguadanadales.com\">www.yeguadanadales.com<\/a>) ci-apr\u00e8s \u00ab\u00a0Le Site\u00a0\u00bb de mani\u00e8re claire et \u00e9tendue, les informations sur le traitement des donn\u00e9es collect\u00e9es aupr\u00e8s de chaque utilisateur, et leur protection dans le cadre l\u00e9gislatif que pr\u00e9voit le R\u00e8glement g\u00e9n\u00e9ral sur la protection des donn\u00e9es (RGPD) approuv\u00e9 le 25 mai 2018 et la l\u00e9gislation espagnole sur la protection des donn\u00e9es.<\/p>\n<p>Par cons\u00e9quent, conform\u00e9ment aux exigences l\u00e9gales, la politique de confidentialit\u00e9 suivante pr\u00e9voit :<\/p>\n<ul>\n<li>La nature des informations personnelles trait\u00e9es.<\/li>\n<li>Les objectifs et les moyens du traitement des informations personnelles.<\/li>\n<li>L&rsquo;identit\u00e9 et les coordonn\u00e9es des responsables du traitement des donn\u00e9es.<\/li>\n<li>Les coordonn\u00e9es du d\u00e9l\u00e9gu\u00e9 \u00e0 la protection des donn\u00e9es (DPD).<\/li>\n<li>Tout tiers impliqu\u00e9 dans les activit\u00e9s de traitement.<\/li>\n<li>La dur\u00e9e de conservation des informations personnelles.<\/li>\n<li>Les mesures de s\u00e9curit\u00e9 prises pour prot\u00e9ger les informations personnelles.<\/li>\n<li>Le droit \u00e0 la vie priv\u00e9e des utilisateurs.<\/li>\n<\/ul>\n<h5>EXERCER VOS DROITS GDRRPD<\/h5>\n<p>Nous vous informons que vous pouvez exercer les droits suivants :<\/p>\n<ul>\n<li>Droit d&rsquo;acc\u00e8s \u00e0 vos donn\u00e9es personnelles afin de savoir quelles donn\u00e9es personnelles sont trait\u00e9es et quels traitements sont effectu\u00e9s sur celles-ci.<\/li>\n<li>Le droit de rectifier toute donn\u00e9e personnelle inexacte.<\/li>\n<li>Le droit \u00e0 l&rsquo;effacement de leurs donn\u00e9es personnelles, lorsque cela est possible.<\/li>\n<li>Le droit de demander la restriction du traitement de vos donn\u00e9es \u00e0 caract\u00e8re personnel lorsque l&rsquo;exactitude, la l\u00e9galit\u00e9 ou la n\u00e9cessit\u00e9 du traitement des donn\u00e9es est mise en doute, auquel cas nous pouvons conserver les donn\u00e9es dans le but de poursuivre ou de d\u00e9fendre des r\u00e9clamations.<\/li>\n<li>Le droit de s&rsquo;opposer au traitement de vos donn\u00e9es personnelles, lorsque la base juridique qui nous permet de traiter vos donn\u00e9es personnelles, comme indiqu\u00e9 dans le tableau ci-dessus, est l&rsquo;int\u00e9r\u00eat l\u00e9gitime. La soci\u00e9t\u00e9 cessera de traiter vos donn\u00e9es, sauf si elle a un int\u00e9r\u00eat l\u00e9gitime imp\u00e9rieux ou si cela est n\u00e9cessaire pour la d\u00e9fense des r\u00e9clamations.<\/li>\n<li>Le droit de limiter la conservation et le stockage de vos donn\u00e9es personnelles \u00e0 la dur\u00e9e pr\u00e9vue par la loi.<\/li>\n<\/ul>\n<p>Vous pouvez exercer vos droits \u00e0 tout moment et gratuitement en envoyant un courrier \u00e9lectronique \u00e0 <a href=\"mailto:gemanadales@gmail.com\">gemanadales@gmail.com<\/a> en indiquant le droit que vous souhaitez exercer et vos donn\u00e9es d&rsquo;identification.<\/p>\n<p>La pr\u00e9sente politique de confidentialit\u00e9 s&rsquo;applique exclusivement au \u00ab\u00a0site web\u00a0\u00bb et ne fait pas r\u00e9f\u00e9rence \u00e0 tout autre site web vers lequel vous pourriez \u00eatre redirig\u00e9 \u00e0 partir de ce site web.<\/p>\n<p>En aucun cas, les utilisateurs \u00e2g\u00e9s de moins de seize ans ne peuvent consentir au traitement de leurs donn\u00e9es personnelles sans l&rsquo;accord de leurs parents.<\/p>\n<h5>1. CONTROLEUR<\/h5>\n<p>Le GDPR indique dans sa l\u00e9gislation la n\u00e9cessit\u00e9 d&rsquo;un contr\u00f4le et d&rsquo;une surveillance des donn\u00e9es par une personne concern\u00e9e qui, seule ou conjointement avec d&rsquo;autres, d\u00e9termine les finalit\u00e9s et les moyens du traitement des informations personnelles.<\/p>\n<p>Dans le cadre de la nouvelle l\u00e9gislation, les responsables d\u00e9sign\u00e9s pour le traitement et le suivi des donn\u00e9es \u00a0\u00bb web \u00a0\u00bb sont :<\/p>\n<p>\n            <strong>HARAS DE NADALES<\/strong>\n          <\/p>\n<p><strong>YEGUADA NADALES<\/strong> peut contacter le d\u00e9l\u00e9gu\u00e9 \u00e0 la protection des donn\u00e9es d\u00e9sign\u00e9 pour s&rsquo;assurer que notre site web traite les informations personnelles conform\u00e9ment au GDPR, via l&rsquo;adresse \u00e9lectronique suivante : <a href=\"mailto:gemanadales@gmail.com\">gemanadales@gmail.com.<\/a><\/p>\n<p>\u00a0\u00bb Informations personnelles \u00a0\u00bb : toute information d\u00e9tenue par les utilisateurs qui les identifie personnellement, seule ou en combinaison avec d&rsquo;autres informations.<\/p>\n<p>Les informations personnelles sont collect\u00e9es automatiquement par le site web YEGUADA NADALES ou re\u00e7ues \u00e0 travers de multiples sources : formulaires, chat, email, applications, dispositifs, r\u00e9seaux sociaux et autres m\u00e9dias.<\/p>\n<h5>Donn\u00e9es de navigation<\/h5>\n<p>Le Site collecte des donn\u00e9es de navigation non sensibles par des moyens automatiques afin de permettre et d&rsquo;am\u00e9liorer la navigation des utilisateurs (par exemple, l&rsquo;adresse IP, la date et l&rsquo;heure de la visite et sa dur\u00e9e, toute URL de r\u00e9f\u00e9rence, les pages visit\u00e9es sur le Site, l&rsquo;appareil utilis\u00e9 et d&rsquo;autres informations).<\/p>\n<p>Le traitement de ces informations permet aux utilisateurs d&rsquo;acc\u00e9der au site et de profiter pleinement de ses fonctions et services. En outre, les donn\u00e9es de navigation peuvent \u00eatre utilis\u00e9es pour v\u00e9rifier que le site fonctionne correctement.<\/p>\n<p>De temps \u00e0 autre, les donn\u00e9es de navigation sont trait\u00e9es de mani\u00e8re anonyme \u00e0 des fins statistiques.<\/p>\n<p>Il est peu probable que les donn\u00e9es de navigation permettent d&rsquo;identifier la personne concern\u00e9e. Toutefois, de par leur nature m\u00eame, les donn\u00e9es de navigation peuvent permettre d&rsquo;identifier les utilisateurs si elles sont associ\u00e9es \u00e0 d&rsquo;autres informations.<\/p>\n<p>Les donn\u00e9es de navigation d\u00e9crites ci-dessus ne sont stock\u00e9es que temporairement, conform\u00e9ment \u00e0 la l\u00e9gislation applicable.<\/p>\n<h5>Enregistrement du site<\/h5>\n<p>Lorsque les utilisateurs choisissent d&rsquo;enregistrer un compte personnel sur le site YEGUADA NADALES, il leur est demand\u00e9 de soumettre des informations personnelles. Le site indique clairement quelles informations personnelles sont obligatoires (ou non) pour cr\u00e9er un compte sur le site.<\/p>\n<p>Les utilisateurs sont tenus de fournir des informations personnelles exactes et pr\u00e9cises au moment de l&rsquo;inscription et sont encourag\u00e9s \u00e0 tenir leurs informations personnelles \u00e0 jour. Pour les modifier, vous devrez vous connecter \u00e0 votre compte personnel afin d&rsquo;effectuer tous les changements n\u00e9cessaires.<\/p>\n<p>Les utilisateurs qui choisissent d&rsquo;activer ou de se connecter \u00e0 leur compte du site par le biais d&rsquo;un r\u00e9seau social doivent savoir que lorsqu&rsquo;ils connectent leur compte du site \u00e0 un compte de r\u00e9seau social, le site collecte certaines informations personnelles que l&rsquo;utilisateur a d\u00e9j\u00e0 fournies \u00e0 ces r\u00e9seaux sociaux (par exemple, l&rsquo;adresse \u00e9lectronique et le profil public Facebook).<\/p>\n<p>Les contr\u00f4leurs ne surveillent ni ne contr\u00f4lent ces services de r\u00e9seaux sociaux ou les profils des utilisateurs sur ces services, et ne d\u00e9finissent pas de param\u00e8tres de confidentialit\u00e9 ou de r\u00e8gles sur la mani\u00e8re dont les informations personnelles provenant de ces services seront utilis\u00e9es. Les utilisateurs sont vivement encourag\u00e9s \u00e0 lire toutes les politiques et informations applicables aux services de r\u00e9seaux sociaux pour en savoir plus sur la mani\u00e8re dont ils traitent les informations personnelles.<\/p>\n<h6>Newsletter et communications marketing<\/h6>\n<p>Sur le site, les utilisateurs peuvent choisir de recevoir des bulletins d&rsquo;information et des communications commerciales.<\/p>\n<p><a href=\"http:\/\/www.yeguadanadales.com\">www.yeguadanadales.com<\/a> recueille toujours le consentement explicite, libre et sans \u00e9quivoque des utilisateurs avant d&rsquo;envoyer des bulletins d&rsquo;information et des communications commerciales \u00e0 tout utilisateur.<\/p>\n<p>Dans ce cas, les utilisateurs peuvent \u00eatre invit\u00e9s \u00e0 fournir des informations personnelles en plus de leur adresse \u00e9lectronique afin de recevoir des bulletins d&rsquo;information et des communications commerciales adapt\u00e9s \u00e0 leur profil.<\/p>\n<p>\u00c0 tout moment, les utilisateurs peuvent retirer leur consentement \u00e0 recevoir des bulletins d&rsquo;information et des communications commerciales par l&rsquo;interm\u00e9diaire des param\u00e8tres de leur compte en cliquant sur le lien \u00ab\u00a0d\u00e9sinscription\u00a0\u00bb figurant dans un tel courriel ou en envoyant simplement un courriel \u00e0 cet effet.<\/p>\n<p>Avec le consentement explicite de l&rsquo;utilisateur, les bulletins d&rsquo;information et les communications marketing peuvent \u00eatre adapt\u00e9s au \u00ab\u00a0profil\u00a0\u00bb de l&rsquo;utilisateur, sur la base des informations personnelles et des donn\u00e9es de navigation que le site collecte ou re\u00e7oit sur l&rsquo;utilisateur en question.<\/p>\n<p>L&rsquo;objectif principal de <strong>YEGUADA NADALES<\/strong> est de proposer des produits, des services et des initiatives qui r\u00e9pondent mieux aux go\u00fbts, aux habitudes d&rsquo;achat et aux int\u00e9r\u00eats des utilisateurs et des clients.<\/p>\n<p>Les informations personnelles peuvent \u00e9galement \u00eatre utilis\u00e9es \u00e0 des fins de remarketing, de reciblage ou de profilage, y compris par l&rsquo;interm\u00e9diaire de tiers (par exemple, les r\u00e9seaux sociaux, etc.).<\/p>\n<h5>2. POLITIQUE EN MATI\u00c8RE DE COOKIES<\/h5>\n<p>Les cookies sont utilis\u00e9s pour enregistrer les pr\u00e9f\u00e9rences et les param\u00e8tres du navigateur de l&rsquo;utilisateur afin de rendre la navigation plus efficace et plus rapide, en acc\u00e9l\u00e9rant les processus de chargement du site web lors d&rsquo;une prochaine visite. Il s&rsquo;agit d&rsquo;un petit fichier texte contenant des informations qui sont stock\u00e9es dans le navigateur de l&rsquo;appareil de l&rsquo;utilisateur (ordinateur\/tablette\/Smartphone) lorsqu&rsquo;il visite un site web particulier. Les cookies sont \u00e9galement utilis\u00e9s pour suivre les utilisateurs sur un site web. Cela permet de savoir si l&rsquo;utilisateur est enregistr\u00e9, quels produits il visite ou combien de temps il met \u00e0 revenir sur notre site.<\/p>\n<p>Notre site web <a href=\"http:\/\/yeguadanadales.com\">yeguadanadales.com<\/a> utilise deux types de cookies :<\/p>\n<h5>1. les cookies analytiques :<\/h5>\n<p>Si un utilisateur navigue sur notre site web en utilisant des cookies, nous recueillons des informations analytiques sous forme de donn\u00e9es (de mani\u00e8re totalement anonyme) sur la navigation de l&rsquo;utilisateur et son interaction avec les diff\u00e9rents produits offerts par <strong>YEGUADA NADALES<\/strong>.<\/p>\n<h5>2. Cookies publicitaires :<\/h5>\n<p>La fonction des cookies publicitaires est de collecter des informations sur les utilisateurs pour cr\u00e9er un profil publicitaire (totalement anonyme) afin de proposer les publicit\u00e9s les plus int\u00e9ressantes possibles en fonction de vos sch\u00e9mas de comportement et d&rsquo;interaction avec notre site web.<\/p>\n<p>Liste des entreprises qui utilisent les cookies que nous collectons sur <a href=\"http:\/\/yeguadanadales.com\">yeguadanadales.com<\/a> \u00e0 des fins d&rsquo;analyse ou de publicit\u00e9 :<\/p>\n<p>\n            <a href=\"https:\/\/www.activecampaign.com\/privacy-policy\/\">Campagne active<\/a>\n          <\/p>\n<p>\n            <a href=\"http:\/\/site.adform.com\/privacy-policy\/en\/\">Adform<\/a>\n          <\/p>\n<p>\n            <a href=\"https:\/\/support.google.com\/adwords\/answer\/2407785?hl=es\">Adwords<\/a>\n          <\/p>\n<p>\n            <a href=\"https:\/\/www.adrollgroup.com\/privacy-archived\">Adroll<\/a>\n          <\/p>\n<p>\n            <a href=\"https:\/\/www.facebook.com\/policies\/cookies\/\">Facebook<\/a>\n          <\/p>\n<p>\n            <a href=\"https:\/\/www.luckyorange.com\/privacy.php\">Luckyorange<\/a>\n          <\/p>\n<p>\n            <a href=\"https:\/\/www.hotjar.com\/cookies\">hotjar<\/a>\n          <\/p>\n<h6>Acceptation des cookies :<\/h6>\n<p>Si vous acceptez express\u00e9ment notre politique en mati\u00e8re de cookies ou si vous d\u00e9cidez de continuer \u00e0 naviguer sur notre site web, nous comprendrons que vous acceptez l&rsquo;utilisation de cookies aux fins d&rsquo;analyse et de publicit\u00e9 d\u00e9crites ci-dessus.<\/p>\n<p>Si, par contre, vous pr\u00e9f\u00e9rez ne pas les accepter ou bloquer l&rsquo;installation des cookies, nous vous informons que vous pourriez ne pas pouvoir acc\u00e9der normalement \u00e0 certains services offerts par notre site web ou que la navigation pourrait \u00eatre ralentie.<\/p>\n<h6>D\u00e9sactiver les cookies :<\/h6>\n<p>Si vous d\u00e9cidez de bloquer ou de d\u00e9sactiver les cookies, vous devez le faire via les param\u00e8tres de votre navigateur sur votre ordinateur, smartphone ou tablette. Dans la liste suivante, vous trouverez un lien o\u00f9 vous trouverez des instructions sur la fa\u00e7on de d\u00e9sactiver les cookies dans chaque navigateur :<\/p>\n<p>\n            <a href=\"http:\/\/goo.gl\/vFM6gb\">Internet Explorer<\/a>\n          <\/p>\n<p>\n            <a href=\"http:\/\/goo.gl\/QXWYmv\">Mozilla Firefox<\/a>\n          <\/p>\n<p>\n            <a href=\"http:\/\/goo.gl\/fQnkSB\">Google Chrome<\/a>\n          <\/p>\n<p>\n            <a href=\"https:\/\/goo.gl\/PCjEm3\">Safari<\/a>\n          <\/p>\n<p>\n            <a href=\"http:\/\/goo.gl\/61xevS\">IOS<\/a>\n          <\/p>\n<p>\n            <a href=\"http:\/\/goo.gl\/Rx8QQ\">Windows Phone<\/a>\n          <\/p>\n<p>\n            <a href=\"http:\/\/goo.gl\/XJp7N\">Chrome Mobile<\/a>\n          <\/p>\n<p>\n            <a href=\"http:\/\/goo.gl\/Nzr8s7\">Opera Mobile<\/a>\n          <\/p>\n<h5>3. LA GESTION ET L&rsquo;UTILISATION DES INFORMATIONS PERSONNELLES<\/h5>\n<p>Dans le cadre de l&rsquo;utilisation des donn\u00e9es personnelles que les utilisateurs fournissent \u00e0 \u00ab\u00a0the Web\u00a0\u00bb, il peut \u00eatre n\u00e9cessaire de  <strong>HARAS DE NADALES<\/strong>  L&rsquo;utilisation d&rsquo;outils de marketing num\u00e9rique externes, tels que des outils de marketing par courriel par exemple, auxquels les informations pertinentes seront transf\u00e9r\u00e9es pour l&rsquo;utilisation susmentionn\u00e9e, et uniquement et exclusivement pour une utilisation directe dans des actions pertinentes pour  <strong>HARAS DE NADALES<\/strong>  ne doivent en aucun cas \u00eatre utilis\u00e9s au profit de tiers.<\/p>\n<p>\u00c0 cette fin, les responsables du traitement peuvent transf\u00e9rer des informations personnelles sur les clients \u00e0 des fournisseurs tiers, agissant en tant que \u00a0\u00bb processeurs de donn\u00e9es \u00a0\u00bb (les \u00a0\u00bb processeurs \u00ab\u00a0), dans le but de mener des activit\u00e9s.<\/p>\n<p>Il est de la responsabilit\u00e9 des contr\u00f4leurs de <strong>YEGUADA NADALES<\/strong> d&rsquo;assurer et de garantir que tous les processeurs appliquent leurs meilleures pratiques pour prot\u00e9ger les informations personnelles et qu&rsquo;ils n&rsquo;utiliseront pas les informations personnelles dans un but autre que celui convenu avec les contr\u00f4leurs.<\/p>\n<p>Les utilisateurs peuvent demander une liste actualis\u00e9e des sous-traitants impliqu\u00e9s dans le traitement des informations personnelles en rapport avec les activit\u00e9s du site en \u00e9crivant \u00e0 : <a href=\"mailto:gemanadales@gmail.com\">gemanadales@gmail.com.<\/a><\/p>\n<p>Les contr\u00f4leurs de <strong>YEGUADA NADALES<\/strong> se r\u00e9servent toujours le droit de divulguer des informations personnelles sur les utilisateurs si la loi l&rsquo;exige (par exemple, en r\u00e9ponse \u00e0 des demandes d&rsquo;application de la loi), et si cela est n\u00e9cessaire pour prot\u00e9ger les droits des contr\u00f4leurs ou de leurs affili\u00e9s ou de tiers. Dans tous les autres cas, l&rsquo;\u00e9change d&rsquo;informations personnelles sera conditionn\u00e9 par le consentement explicite et pr\u00e9alable de l&rsquo;utilisateur, \u00e0 moins que le traitement ne soit autoris\u00e9 par une autre base l\u00e9gale. Les contr\u00f4leurs ne transf\u00e9reront pas d&rsquo;informations personnelles en dehors de l&rsquo;Espace \u00e9conomique europ\u00e9en (EEE), sauf si l&rsquo;utilisateur a explicitement consenti \u00e0 un tel transfert ou si le transfert d&rsquo;informations personnelles en dehors de l&rsquo;EEE est autoris\u00e9 par le GDPR sur une autre base l\u00e9gale.<\/p>\n<h5>4. M\u00c9THODES DE TRAITEMENT ET MESURES DE S\u00c9CURIT\u00c9<\/h5>\n<p>Les responsables du traitement traitent les informations personnelles des utilisateurs au moyen d&rsquo;outils informatiques, automatiques et \u00e9lectroniques et, dans des cas limit\u00e9s, par l&rsquo;utilisation de moyens documentaires. Conform\u00e9ment au GDPR, des mesures de s\u00e9curit\u00e9 sp\u00e9cifiques ont \u00e9t\u00e9 mises en \u0153uvre pour pr\u00e9venir la perte de donn\u00e9es, l&rsquo;utilisation ill\u00e9gale ou inappropri\u00e9e et l&rsquo;acc\u00e8s non autoris\u00e9.<\/p>\n<p>Seuls les employ\u00e9s autoris\u00e9s des responsables du traitement et les employ\u00e9s autoris\u00e9s des fournisseurs tiers agissant en tant que responsables du traitement pour le compte des responsables du traitement ont acc\u00e8s aux informations personnelles relatives aux activit\u00e9s du site. Des accords de traitement des donn\u00e9es sont en place avec les sous-traitants afin de garantir qu&rsquo;ils respectent toujours le niveau de s\u00e9curit\u00e9 requis par le GDPR lors du traitement des informations personnelles li\u00e9es aux activit\u00e9s du site.<\/p>\n<p>Bien que le site adopte des mesures de s\u00e9curit\u00e9 primaires pour pr\u00e9venir la perte, la destruction ou la diffusion d&rsquo;informations personnelles, il ne peut exclure les risques de s\u00e9curit\u00e9 qui sont naturellement li\u00e9s \u00e0 la transmission de donn\u00e9es en ligne. Vous acceptez les risques inh\u00e9rents \u00e0 la fourniture d&rsquo;informations personnelles sur Internet et ne pouvez tenir le site pour responsable de toute violation de la s\u00e9curit\u00e9, \u00e0 moins que cette violation ne soit due \u00e0 une n\u00e9gligence ou \u00e0 un manquement d\u00e9lib\u00e9r\u00e9 du site.<\/p>\n<h5>5. LE STOCKAGE DES INFORMATIONS PERSONNELLES<\/h5>\n<p>Les responsables du traitement conserveront les informations personnelles aussi longtemps que n\u00e9cessaire pour fournir aux utilisateurs et aux clients les services requis ou pour se conformer aux obligations l\u00e9gales ou fiscales, ou pendant la p\u00e9riode minimale prescrite par la loi.<\/p>\n<p>Pour d\u00e9terminer la p\u00e9riode de stockage appropri\u00e9e des informations personnelles, les responsables du traitement tiendront compte de multiples facteurs afin de s&rsquo;assurer que les informations personnelles ne sont pas stock\u00e9es plus longtemps que n\u00e9cessaire ou appropri\u00e9. Ces crit\u00e8res doivent \u00e9galement inclure :<\/p>\n<ul>\n<li>La raison pour laquelle le site contient des informations personnelles.<\/li>\n<li>les obligations l\u00e9gales, fiscales et r\u00e9glementaires relatives \u00e0 ces informations personnelles.<\/li>\n<li>Le type de relation continue avec l&rsquo;utilisateur ou le client en question (la fr\u00e9quence \u00e0 laquelle l&rsquo;utilisateur se connecte \u00e0 son compte sur le site, si les utilisateurs continuent \u00e0 recevoir des communications marketing, la fr\u00e9quence de leur navigation ou de leurs achats sur le site, etc.)<\/li>\n<li>Toute demande sp\u00e9cifique de l&rsquo;utilisateur concernant la suppression d&rsquo;informations personnelles.<\/li>\n<li>Int\u00e9r\u00eats commerciaux l\u00e9gitimes.<\/li>\n<\/ul>\n<p>Le site supprimera rapidement ou rendra anonymes les informations personnelles qui ne sont plus n\u00e9cessaires ou conserv\u00e9es conform\u00e9ment \u00e0 la loi.<\/p>\n<h5>6. LA LIAISON AVEC DES SITES WEB OU DES PLATEFORMES DE TIERS<\/h5>\n<p>Le site peut contenir des banni\u00e8res, des messages publicitaires et d&rsquo;autres liens vers des sites web ou des plateformes de tiers. Les contr\u00f4leurs ne peuvent pas contr\u00f4ler ou \u00eatre responsables de la conduite de ces sites Web ou plateformes de tiers en ce qui concerne le droit \u00e0 la vie priv\u00e9e. Il est conseill\u00e9 aux utilisateurs de lire leurs politiques de confidentialit\u00e9 pour v\u00e9rifier comment ils collectent et traitent les informations personnelles.<\/p>\n<h5>7. DROITS DE L&rsquo;UTILISATEUR<\/h5>\n<p>Les utilisateurs ont le droit de recevoir une confirmation si les contr\u00f4leurs contiennent des informations personnelles les concernant. Dans ce cas, les utilisateurs pourront, en vertu du GDPR :<\/p>\n<ul>\n<li>\u00catre inform\u00e9 de la collecte et de l&rsquo;utilisation de vos informations personnelles.<\/li>\n<li>Acc\u00e9dez gratuitement \u00e0 vos informations personnelles.<\/li>\n<li>Rectifier ou compl\u00e9ter des informations personnelles inexactes (lorsqu&rsquo;elles sont incompl\u00e8tes).<\/li>\n<li>Supprimer des informations personnelles (\u00ab\u00a0droit \u00e0 l&rsquo;oubli\u00a0\u00bb).<\/li>\n<li>Dans certaines conditions, obtenir la restriction ou la suppression de vos informations personnelles.<\/li>\n<li>Obtenir et r\u00e9utiliser vos informations personnelles \u00e0 ses propres fins dans diff\u00e9rents services lorsque le traitement est fond\u00e9 sur un contrat ou un consentement, et que le traitement est effectu\u00e9 par des moyens automatis\u00e9s (\u00ab\u00a0droit \u00e0 la portabilit\u00e9 des donn\u00e9es\u00a0\u00bb).<\/li>\n<li>Dans des conditions sp\u00e9cifiques, s&rsquo;opposer au traitement de vos informations personnelles.<\/li>\n<li>S&rsquo;opposer \u00e0 tout moment \u00e0 l&rsquo;utilisation d&rsquo;informations personnelles \u00e0 des fins de \u00ab\u00a0profilage\u00a0\u00bb ou de \u00ab\u00a0prise de d\u00e9cision automatis\u00e9e\u00a0\u00bb.<\/li>\n<li>Le droit de d\u00e9poser des plaintes concernant la collecte et le traitement des informations personnelles aupr\u00e8s de l&rsquo;autorit\u00e9 de surveillance comp\u00e9tente.<\/li>\n<li>Le droit de retirer \u00e0 tout moment le consentement au traitement des informations personnelles.<\/li>\n<\/ul>\n<p>Les utilisateurs peuvent contacter le site pour toute question et pour exercer leurs droits \u00e0 la vie priv\u00e9e \u00e0 l&rsquo;adresse \u00e9lectronique suivante : <a href=\"mailto:gemanadales@gmail.com\">gemanadales@gmail.com.<\/a><\/p>\n<h5>8. MODIFICATIONS DE LA PR\u00c9SENTE POLITIQUE DE CONFIDENTIALIT\u00c9<\/h5>\n<p>Toute modification future de la pr\u00e9sente politique de confidentialit\u00e9 sera publi\u00e9e sur le site et, le cas \u00e9ch\u00e9ant, notifi\u00e9e aux utilisateurs par courrier \u00e9lectronique. Les utilisateurs sont invit\u00e9s \u00e0 consulter fr\u00e9quemment la pr\u00e9sente politique de confidentialit\u00e9 afin de prendre connaissance des mises \u00e0 jour ou des modifications.<\/p>\n\t\t\t\t\t\t\t\t<\/div>\n\t\t\t\t<\/div>\n\t\t\t\t\t<\/div>\n\t\t<\/div>\n\t\t\t\t\t<\/div>\n\t\t<\/section>\n\t\t\t\t<\/div>\n\t\t","protected":false},"excerpt":{"rendered":"<p>Les conditions de la POLITIQUE DE CONFIDENTIALIT\u00c9 \u00e9nonc\u00e9es dans le pr\u00e9sent document fournissent aux utilisateurs du site web (www.yeguadanadales.com) ci-apr\u00e8s \u00ab\u00a0Le Site\u00a0\u00bb de mani\u00e8re claire et \u00e9tendue, les informations sur&hellip;<\/p>\n","protected":false},"author":1,"featured_media":0,"parent":0,"menu_order":0,"comment_status":"closed","ping_status":"closed","template":"","meta":{"footnotes":""},"class_list":["post-21542","page","type-page","status-publish","hentry"],"_links":{"self":[{"href":"https:\/\/www.yeguadanadales.com\/fr\/wp-json\/wp\/v2\/pages\/21542","targetHints":{"allow":["GET"]}}],"collection":[{"href":"https:\/\/www.yeguadanadales.com\/fr\/wp-json\/wp\/v2\/pages"}],"about":[{"href":"https:\/\/www.yeguadanadales.com\/fr\/wp-json\/wp\/v2\/types\/page"}],"author":[{"embeddable":true,"href":"https:\/\/www.yeguadanadales.com\/fr\/wp-json\/wp\/v2\/users\/1"}],"replies":[{"embeddable":true,"href":"https:\/\/www.yeguadanadales.com\/fr\/wp-json\/wp\/v2\/comments?post=21542"}],"version-history":[{"count":2,"href":"https:\/\/www.yeguadanadales.com\/fr\/wp-json\/wp\/v2\/pages\/21542\/revisions"}],"predecessor-version":[{"id":21686,"href":"https:\/\/www.yeguadanadales.com\/fr\/wp-json\/wp\/v2\/pages\/21542\/revisions\/21686"}],"wp:attachment":[{"href":"https:\/\/www.yeguadanadales.com\/fr\/wp-json\/wp\/v2\/media?parent=21542"}],"curies":[{"name":"wp","href":"https:\/\/api.w.org\/{rel}","templated":true}]}}